{"id":104275,"date":"2024-12-27T15:19:07","date_gmt":"2024-12-27T14:19:07","guid":{"rendered":"https:\/\/www.atta45.se\/e-butik\/produkt\/reflekterande-magnet-clip-agr-max\/"},"modified":"2025-10-28T04:05:39","modified_gmt":"2025-10-28T03:05:39","slug":"reflekterande-magnet-clip-agr-max","status":"publish","type":"product","link":"https:\/\/www.atta45.se\/e-butik\/produkt\/reflekterande-magnet-clip-agr-max\/","title":{"rendered":"Magnetkl\u00e4mma, Reflekterande AGR Max"},"content":{"rendered":"<p>Ett magnetclip tillverkat av samma material som mjuka reflexer eller slapwraps. Denna version har magneter inuti sig, s\u00e5 att du enkelt kan f\u00e4sta reflexen p\u00e5 dina kl\u00e4der.<\/p>\n<p>Storleken p\u00e5 denna produkt \u00e4r f\u00f6r liten f\u00f6r att m\u00f6ta kraven enligt CE EN17353.<br \/>Produkten ska d\u00e4rf\u00f6r alltid b\u00e4ras tillsammans med en godk\u00e4nd reflex.<br \/>Reflexfolien som produkten \u00e4r tillverkad av uppfyller dock alla krav.<\/p>\n","protected":false},"excerpt":{"rendered":"<p>Ett magnetclip tillverkat av samma material som mjuka reflexer eller slapwraps. Denna version har magneter inuti sig, s\u00e5 att du enkelt kan f\u00e4sta reflexen p\u00e5 dina kl\u00e4der. Storleken p\u00e5 denna produkt \u00e4r f\u00f6r liten f\u00f6r att m\u00f6ta kraven enligt CE EN17353.Produkten ska d\u00e4rf\u00f6r alltid b\u00e4ras tillsammans med en godk\u00e4nd reflex.Reflexfolien som produkten \u00e4r tillverkad av [&hellip;]<\/p>\n","protected":false},"featured_media":104276,"template":"","meta":{"_acf_changed":false,"_seopress_robots_primary_cat":"","_seopress_titles_title":"","_seopress_titles_desc":"","_seopress_robots_index":""},"product_brand":[],"product_cat":[15],"product_tag":[],"class_list":{"0":"post-104275","1":"product","2":"type-product","3":"status-publish","4":"has-post-thumbnail","6":"product_cat-okategoriserad","7":"atta45_taxonomy-tema-inspiration-varumarken-great-reflectives-sv","8":"atta45_taxonomy-reflexer-verktyg-sakerhet-magnetclip-sv","9":"atta45_taxonomy-reflexer-magnetclip-sv","10":"atta45_taxonomy-tema-inspiration-sasong-vinter-sv","12":"first","13":"instock","14":"taxable","15":"shipping-taxable","16":"purchasable","17":"product-type-variable"},"acf":[],"_links":{"self":[{"href":"https:\/\/www.atta45.se\/e-butik\/wp-json\/wp\/v2\/product\/104275","targetHints":{"allow":["GET"]}}],"collection":[{"href":"https:\/\/www.atta45.se\/e-butik\/wp-json\/wp\/v2\/product"}],"about":[{"href":"https:\/\/www.atta45.se\/e-butik\/wp-json\/wp\/v2\/types\/product"}],"wp:featuredmedia":[{"embeddable":true,"href":"https:\/\/www.atta45.se\/e-butik\/wp-json\/wp\/v2\/media\/104276"}],"wp:attachment":[{"href":"https:\/\/www.atta45.se\/e-butik\/wp-json\/wp\/v2\/media?parent=104275"}],"wp:term":[{"taxonomy":"product_brand","embeddable":true,"href":"https:\/\/www.atta45.se\/e-butik\/wp-json\/wp\/v2\/product_brand?post=104275"},{"taxonomy":"product_cat","embeddable":true,"href":"https:\/\/www.atta45.se\/e-butik\/wp-json\/wp\/v2\/product_cat?post=104275"},{"taxonomy":"product_tag","embeddable":true,"href":"https:\/\/www.atta45.se\/e-butik\/wp-json\/wp\/v2\/product_tag?post=104275"}],"curies":[{"name":"wp","href":"https:\/\/api.w.org\/{rel}","templated":true}]}}