{"id":104245,"date":"2024-12-27T15:18:26","date_gmt":"2024-12-27T14:18:26","guid":{"rendered":"https:\/\/www.atta45.se\/e-butik\/produkt\/reflex-for-cykelram\/"},"modified":"2025-10-28T05:26:42","modified_gmt":"2025-10-28T04:26:42","slug":"reflex-for-cykelram","status":"publish","type":"product","link":"https:\/\/www.atta45.se\/e-butik\/produkt\/reflex-for-cykelram\/","title":{"rendered":"Reflex f\u00f6r cykelram"},"content":{"rendered":"<p>Stor reflekterande yta f\u00f6r god synlighet i trafiken. S\u00e4rskilt bra p\u00e5 barncyklar.<br \/>Ramreflektorn \u00e4r gjord av en reflekterande mikroprismatisk folie.<\/p>\n<p>Kardborref\u00e4ste som g\u00f6r att bandet kan f\u00e4stas p\u00e5 en ram. Var synlig medan du njuter av din cykeltur!<\/p>\n<p>Produkten och den reflekterande filmen \u00e4r testade och godk\u00e4nda enligt kraven i standarden CE EN17353.<\/p>\n","protected":false},"excerpt":{"rendered":"<p>Stor reflekterande yta f\u00f6r god synlighet i trafiken. S\u00e4rskilt bra p\u00e5 barncyklar.Ramreflektorn \u00e4r gjord av en reflekterande mikroprismatisk folie. Kardborref\u00e4ste som g\u00f6r att bandet kan f\u00e4stas p\u00e5 en ram. Var synlig medan du njuter av din cykeltur! Produkten och den reflekterande filmen \u00e4r testade och godk\u00e4nda enligt kraven i standarden CE EN17353.<\/p>\n","protected":false},"featured_media":104246,"template":"","meta":{"_acf_changed":false,"_seopress_robots_primary_cat":"","_seopress_titles_title":"","_seopress_titles_desc":"","_seopress_robots_index":""},"product_brand":[],"product_cat":[15],"product_tag":[],"class_list":{"0":"post-104245","1":"product","2":"type-product","3":"status-publish","4":"has-post-thumbnail","6":"product_cat-okategoriserad","7":"atta45_taxonomy-reflexer-konsumentpack-sv","9":"first","10":"instock","11":"taxable","12":"shipping-taxable","13":"purchasable","14":"product-type-variable"},"acf":[],"_links":{"self":[{"href":"https:\/\/www.atta45.se\/e-butik\/wp-json\/wp\/v2\/product\/104245","targetHints":{"allow":["GET"]}}],"collection":[{"href":"https:\/\/www.atta45.se\/e-butik\/wp-json\/wp\/v2\/product"}],"about":[{"href":"https:\/\/www.atta45.se\/e-butik\/wp-json\/wp\/v2\/types\/product"}],"wp:featuredmedia":[{"embeddable":true,"href":"https:\/\/www.atta45.se\/e-butik\/wp-json\/wp\/v2\/media\/104246"}],"wp:attachment":[{"href":"https:\/\/www.atta45.se\/e-butik\/wp-json\/wp\/v2\/media?parent=104245"}],"wp:term":[{"taxonomy":"product_brand","embeddable":true,"href":"https:\/\/www.atta45.se\/e-butik\/wp-json\/wp\/v2\/product_brand?post=104245"},{"taxonomy":"product_cat","embeddable":true,"href":"https:\/\/www.atta45.se\/e-butik\/wp-json\/wp\/v2\/product_cat?post=104245"},{"taxonomy":"product_tag","embeddable":true,"href":"https:\/\/www.atta45.se\/e-butik\/wp-json\/wp\/v2\/product_tag?post=104245"}],"curies":[{"name":"wp","href":"https:\/\/api.w.org\/{rel}","templated":true}]}}