{"id":104184,"date":"2024-12-27T15:16:22","date_gmt":"2024-12-27T14:16:22","guid":{"rendered":"https:\/\/www.atta45.se\/e-butik\/produkt\/silverkeps\/"},"modified":"2025-10-28T04:06:29","modified_gmt":"2025-10-28T03:06:29","slug":"silverkeps","status":"publish","type":"product","link":"https:\/\/www.atta45.se\/e-butik\/produkt\/silverkeps\/","title":{"rendered":"Silverkeps"},"content":{"rendered":"<p>Det perforerade n\u00e4tmaterialet som anv\u00e4nds f\u00f6r denna keps ger tillr\u00e4cklig andningsf\u00f6rm\u00e5ga och skyddar mot vind.<\/p>\n<p>Dessutom leder detta tyg bort fukt. P\u00e5 dagen \u00e4r kepsen silvergr\u00e5 och p\u00e5 natten blir den vit n\u00e4r den reflekterar ljus.<\/p>\n<p>Max. huvudomkrets upp till 60 cm.<\/p>\n","protected":false},"excerpt":{"rendered":"<p>Det perforerade n\u00e4tmaterialet som anv\u00e4nds f\u00f6r denna keps ger tillr\u00e4cklig andningsf\u00f6rm\u00e5ga och skyddar mot vind. Dessutom leder detta tyg bort fukt. P\u00e5 dagen \u00e4r kepsen silvergr\u00e5 och p\u00e5 natten blir den vit n\u00e4r den reflekterar ljus. Max. huvudomkrets upp till 60 cm.<\/p>\n","protected":false},"featured_media":104185,"template":"","meta":{"_acf_changed":false,"_seopress_robots_primary_cat":"","_seopress_titles_title":"","_seopress_titles_desc":"","_seopress_robots_index":""},"product_brand":[],"product_cat":[15],"product_tag":[],"class_list":{"0":"post-104184","1":"product","2":"type-product","3":"status-publish","4":"has-post-thumbnail","6":"product_cat-okategoriserad","7":"atta45_taxonomy-tema-inspiration-varumarken-great-reflectives-sv","8":"atta45_taxonomy-kepsar-mossor-sv","9":"atta45_taxonomy-reflexer-verktyg-sakerhet-kepsar-mossor-sv","10":"atta45_taxonomy-reflexer-kepsar-mossor-sv","11":"atta45_taxonomy-tema-inspiration-sasong-vinter-sv","13":"first","14":"instock","15":"taxable","16":"shipping-taxable","17":"purchasable","18":"product-type-variable"},"acf":[],"_links":{"self":[{"href":"https:\/\/www.atta45.se\/e-butik\/wp-json\/wp\/v2\/product\/104184","targetHints":{"allow":["GET"]}}],"collection":[{"href":"https:\/\/www.atta45.se\/e-butik\/wp-json\/wp\/v2\/product"}],"about":[{"href":"https:\/\/www.atta45.se\/e-butik\/wp-json\/wp\/v2\/types\/product"}],"wp:featuredmedia":[{"embeddable":true,"href":"https:\/\/www.atta45.se\/e-butik\/wp-json\/wp\/v2\/media\/104185"}],"wp:attachment":[{"href":"https:\/\/www.atta45.se\/e-butik\/wp-json\/wp\/v2\/media?parent=104184"}],"wp:term":[{"taxonomy":"product_brand","embeddable":true,"href":"https:\/\/www.atta45.se\/e-butik\/wp-json\/wp\/v2\/product_brand?post=104184"},{"taxonomy":"product_cat","embeddable":true,"href":"https:\/\/www.atta45.se\/e-butik\/wp-json\/wp\/v2\/product_cat?post=104184"},{"taxonomy":"product_tag","embeddable":true,"href":"https:\/\/www.atta45.se\/e-butik\/wp-json\/wp\/v2\/product_tag?post=104184"}],"curies":[{"name":"wp","href":"https:\/\/api.w.org\/{rel}","templated":true}]}}