{"id":104174,"date":"2024-12-27T15:16:07","date_gmt":"2024-12-27T14:16:07","guid":{"rendered":"https:\/\/www.atta45.se\/e-butik\/produkt\/reflekterande-kampanjknapp-agr\/"},"modified":"2025-10-28T04:05:09","modified_gmt":"2025-10-28T03:05:09","slug":"reflekterande-kampanjknapp-agr","status":"publish","type":"product","link":"https:\/\/www.atta45.se\/e-butik\/produkt\/reflekterande-kampanjknapp-agr\/","title":{"rendered":"Kampanjknapp Reflekterande"},"content":{"rendered":"<p>Klassisk kampanjknapp med reflekterande yta. S\u00e4kerhetsn\u00e5l p\u00e5 baksidan.<\/p>\n<p>Denna produkt har, p\u00e5 grund av sin ringa storlek, ingen chans att uppfylla kraven i EN 17353 oavsett vilken typ av reflekterande film som anv\u00e4nds, men anv\u00e4ndningen av certifierade material ger en h\u00f6g kvalitet p\u00e5 slutprodukten.<\/p>\n<p>Reflexfolien \u00e4r kvalitetsm\u00f6nstrad fr\u00e5n materialleverant\u00f6ren. Bilder kan avvika mot den faktiska produkten.<\/p>\n","protected":false},"excerpt":{"rendered":"<p>Klassisk kampanjknapp med reflekterande yta. S\u00e4kerhetsn\u00e5l p\u00e5 baksidan. Denna produkt har, p\u00e5 grund av sin ringa storlek, ingen chans att uppfylla kraven i EN 17353 oavsett vilken typ av reflekterande film som anv\u00e4nds, men anv\u00e4ndningen av certifierade material ger en h\u00f6g kvalitet p\u00e5 slutprodukten. Reflexfolien \u00e4r kvalitetsm\u00f6nstrad fr\u00e5n materialleverant\u00f6ren. Bilder kan avvika mot den faktiska [&hellip;]<\/p>\n","protected":false},"featured_media":104175,"template":"","meta":{"_acf_changed":false,"_seopress_robots_primary_cat":"","_seopress_titles_title":"","_seopress_titles_desc":"","_seopress_robots_index":""},"product_brand":[],"product_cat":[15],"product_tag":[],"class_list":{"0":"post-104174","1":"product","2":"type-product","3":"status-publish","4":"has-post-thumbnail","6":"product_cat-okategoriserad","7":"atta45_taxonomy-reflexer-verktyg-sakerhet-kampanjknapp-sv","8":"atta45_taxonomy-trading-reflexer-kampanjknapp-sv","9":"atta45_taxonomy-reflexer-kampanjknapp-sv","10":"atta45_taxonomy-tema-inspiration-varumarken-reflomax-agr-sv","12":"first","13":"instock","14":"taxable","15":"shipping-taxable","16":"purchasable","17":"product-type-variable"},"acf":[],"_links":{"self":[{"href":"https:\/\/www.atta45.se\/e-butik\/wp-json\/wp\/v2\/product\/104174","targetHints":{"allow":["GET"]}}],"collection":[{"href":"https:\/\/www.atta45.se\/e-butik\/wp-json\/wp\/v2\/product"}],"about":[{"href":"https:\/\/www.atta45.se\/e-butik\/wp-json\/wp\/v2\/types\/product"}],"wp:featuredmedia":[{"embeddable":true,"href":"https:\/\/www.atta45.se\/e-butik\/wp-json\/wp\/v2\/media\/104175"}],"wp:attachment":[{"href":"https:\/\/www.atta45.se\/e-butik\/wp-json\/wp\/v2\/media?parent=104174"}],"wp:term":[{"taxonomy":"product_brand","embeddable":true,"href":"https:\/\/www.atta45.se\/e-butik\/wp-json\/wp\/v2\/product_brand?post=104174"},{"taxonomy":"product_cat","embeddable":true,"href":"https:\/\/www.atta45.se\/e-butik\/wp-json\/wp\/v2\/product_cat?post=104174"},{"taxonomy":"product_tag","embeddable":true,"href":"https:\/\/www.atta45.se\/e-butik\/wp-json\/wp\/v2\/product_tag?post=104174"}],"curies":[{"name":"wp","href":"https:\/\/api.w.org\/{rel}","templated":true}]}}