{"id":103692,"date":"2024-12-27T15:07:37","date_gmt":"2024-12-27T14:07:37","guid":{"rendered":"https:\/\/www.atta45.se\/e-butik\/produkt\/elastiskt-band-med-reflex\/"},"modified":"2025-10-28T05:20:43","modified_gmt":"2025-10-28T04:20:43","slug":"elastiskt-band-med-reflex","status":"publish","type":"product","link":"https:\/\/www.atta45.se\/e-butik\/produkt\/elastiskt-band-med-reflex\/","title":{"rendered":"Band med reflex elastiskt"},"content":{"rendered":"<p>Ett elastiskt band med bred reflekterande yta. F\u00e4sts med kardborreband.<\/p>\n<p>En produkt som g\u00f6r fotg\u00e4ngare synliga f\u00f6r f\u00f6rare.<br \/>Varje fotg\u00e4ngare b\u00f6r b\u00e4ra reflexer efter m\u00f6rkrets inbrott.<\/p>\n<p>Artikeln uppfyller CE EN17353, och f\u00f6r att den ska vara godk\u00e4nd enligt CE EN17353 m\u00e5ste tv\u00e5 stycken b\u00e4ras samtidigt.<\/p>\n","protected":false},"excerpt":{"rendered":"<p>Ett elastiskt band med bred reflekterande yta. F\u00e4sts med kardborreband. En produkt som g\u00f6r fotg\u00e4ngare synliga f\u00f6r f\u00f6rare.Varje fotg\u00e4ngare b\u00f6r b\u00e4ra reflexer efter m\u00f6rkrets inbrott. Artikeln uppfyller CE EN17353, och f\u00f6r att den ska vara godk\u00e4nd enligt CE EN17353 m\u00e5ste tv\u00e5 stycken b\u00e4ras samtidigt.<\/p>\n","protected":false},"featured_media":103693,"template":"","meta":{"_acf_changed":false,"_seopress_robots_primary_cat":"","_seopress_titles_title":"","_seopress_titles_desc":"","_seopress_robots_index":""},"product_brand":[],"product_cat":[15],"product_tag":[],"class_list":{"0":"post-103692","1":"product","2":"type-product","3":"status-publish","4":"has-post-thumbnail","6":"product_cat-okategoriserad","7":"atta45_taxonomy-reflexer-armband-sv","8":"atta45_taxonomy-reflexer-verktyg-sakerhet-armband-sv","9":"atta45_taxonomy-tema-inspiration-varumarken-reflomax-agr-sv","11":"first","12":"instock","13":"taxable","14":"shipping-taxable","15":"purchasable","16":"product-type-variable"},"acf":[],"_links":{"self":[{"href":"https:\/\/www.atta45.se\/e-butik\/wp-json\/wp\/v2\/product\/103692","targetHints":{"allow":["GET"]}}],"collection":[{"href":"https:\/\/www.atta45.se\/e-butik\/wp-json\/wp\/v2\/product"}],"about":[{"href":"https:\/\/www.atta45.se\/e-butik\/wp-json\/wp\/v2\/types\/product"}],"wp:featuredmedia":[{"embeddable":true,"href":"https:\/\/www.atta45.se\/e-butik\/wp-json\/wp\/v2\/media\/103693"}],"wp:attachment":[{"href":"https:\/\/www.atta45.se\/e-butik\/wp-json\/wp\/v2\/media?parent=103692"}],"wp:term":[{"taxonomy":"product_brand","embeddable":true,"href":"https:\/\/www.atta45.se\/e-butik\/wp-json\/wp\/v2\/product_brand?post=103692"},{"taxonomy":"product_cat","embeddable":true,"href":"https:\/\/www.atta45.se\/e-butik\/wp-json\/wp\/v2\/product_cat?post=103692"},{"taxonomy":"product_tag","embeddable":true,"href":"https:\/\/www.atta45.se\/e-butik\/wp-json\/wp\/v2\/product_tag?post=103692"}],"curies":[{"name":"wp","href":"https:\/\/api.w.org\/{rel}","templated":true}]}}