{"id":103684,"date":"2024-12-27T15:07:24","date_gmt":"2024-12-27T14:07:24","guid":{"rendered":"https:\/\/www.atta45.se\/e-butik\/produkt\/reflexarm\/"},"modified":"2025-10-28T04:05:52","modified_gmt":"2025-10-28T03:05:52","slug":"reflexarm","status":"publish","type":"product","link":"https:\/\/www.atta45.se\/e-butik\/produkt\/reflexarm\/","title":{"rendered":"Reflex, Reflex\u00e4rm"},"content":{"rendered":"<p>Ett par h\u00f6greflekterande l\u00f6s\u00e4rmar att tr\u00e4 p\u00e5 f\u00f6r \u00f6kad synlighet i trafiken p\u00e5 l\u00f6prundan, cykelturen och promenaden. Elastiskt band i \u00e4ndarna. <\/p>\n","protected":false},"excerpt":{"rendered":"<p>Ett par h\u00f6greflekterande l\u00f6s\u00e4rmar att tr\u00e4 p\u00e5 f\u00f6r \u00f6kad synlighet i trafiken p\u00e5 l\u00f6prundan, cykelturen och promenaden. Elastiskt band i \u00e4ndarna.<\/p>\n","protected":false},"featured_media":103685,"template":"","meta":{"_acf_changed":false,"_seopress_robots_primary_cat":"","_seopress_titles_title":"","_seopress_titles_desc":"","_seopress_robots_index":""},"product_brand":[],"product_cat":[15],"product_tag":[],"class_list":{"0":"post-103684","1":"product","2":"type-product","3":"status-publish","4":"has-post-thumbnail","6":"product_cat-okategoriserad","7":"atta45_taxonomy-tema-inspiration-varumarken-great-reflectives-sv","8":"atta45_taxonomy-reflexer-armband-sv","9":"atta45_taxonomy-reflexer-verktyg-sakerhet-armband-sv","10":"atta45_taxonomy-tema-inspiration-sasong-vinter-sv","12":"first","13":"instock","14":"taxable","15":"shipping-taxable","16":"purchasable","17":"product-type-variable"},"acf":[],"_links":{"self":[{"href":"https:\/\/www.atta45.se\/e-butik\/wp-json\/wp\/v2\/product\/103684","targetHints":{"allow":["GET"]}}],"collection":[{"href":"https:\/\/www.atta45.se\/e-butik\/wp-json\/wp\/v2\/product"}],"about":[{"href":"https:\/\/www.atta45.se\/e-butik\/wp-json\/wp\/v2\/types\/product"}],"wp:featuredmedia":[{"embeddable":true,"href":"https:\/\/www.atta45.se\/e-butik\/wp-json\/wp\/v2\/media\/103685"}],"wp:attachment":[{"href":"https:\/\/www.atta45.se\/e-butik\/wp-json\/wp\/v2\/media?parent=103684"}],"wp:term":[{"taxonomy":"product_brand","embeddable":true,"href":"https:\/\/www.atta45.se\/e-butik\/wp-json\/wp\/v2\/product_brand?post=103684"},{"taxonomy":"product_cat","embeddable":true,"href":"https:\/\/www.atta45.se\/e-butik\/wp-json\/wp\/v2\/product_cat?post=103684"},{"taxonomy":"product_tag","embeddable":true,"href":"https:\/\/www.atta45.se\/e-butik\/wp-json\/wp\/v2\/product_tag?post=103684"}],"curies":[{"name":"wp","href":"https:\/\/api.w.org\/{rel}","templated":true}]}}