{"id":103610,"date":"2024-12-27T15:06:10","date_gmt":"2024-12-27T14:06:10","guid":{"rendered":"https:\/\/www.atta45.se\/e-butik\/produkt\/putsduk-170-g\/"},"modified":"2025-10-28T03:26:00","modified_gmt":"2025-10-28T02:26:00","slug":"putsduk-170-g","status":"publish","type":"product","link":"https:\/\/www.atta45.se\/e-butik\/produkt\/putsduk-170-g\/","title":{"rendered":"Putsduk 170 g"},"content":{"rendered":"<p>Mjuk putsduk av polyester microfiber. Med digitaltryckt motiv och zick-zack-skurna kanter. F\u00f6r glas\u00f6gon, sk\u00e4rmar m m. Fullf\u00e4rgs digitaltryck p\u00e5 ena sidan.<\/p>\n","protected":false},"excerpt":{"rendered":"<p>Mjuk putsduk av polyester microfiber. Med digitaltryckt motiv och zick-zack-skurna kanter. F\u00f6r glas\u00f6gon, sk\u00e4rmar m m. Fullf\u00e4rgs digitaltryck p\u00e5 ena sidan.<\/p>\n","protected":false},"featured_media":103611,"template":"","meta":{"_acf_changed":false,"_seopress_robots_primary_cat":"","_seopress_titles_title":"","_seopress_titles_desc":"","_seopress_robots_index":""},"product_brand":[],"product_cat":[15],"product_tag":[],"class_list":{"0":"post-103610","1":"product","2":"type-product","3":"status-publish","4":"has-post-thumbnail","6":"product_cat-okategoriserad","7":"atta45_taxonomy-praktiska-ting-putsduk-sv","8":"atta45_taxonomy-tema-inspiration-varumarken-ycp-sv","10":"first","11":"instock","12":"taxable","13":"shipping-taxable","14":"purchasable","15":"product-type-variable"},"acf":[],"_links":{"self":[{"href":"https:\/\/www.atta45.se\/e-butik\/wp-json\/wp\/v2\/product\/103610","targetHints":{"allow":["GET"]}}],"collection":[{"href":"https:\/\/www.atta45.se\/e-butik\/wp-json\/wp\/v2\/product"}],"about":[{"href":"https:\/\/www.atta45.se\/e-butik\/wp-json\/wp\/v2\/types\/product"}],"wp:featuredmedia":[{"embeddable":true,"href":"https:\/\/www.atta45.se\/e-butik\/wp-json\/wp\/v2\/media\/103611"}],"wp:attachment":[{"href":"https:\/\/www.atta45.se\/e-butik\/wp-json\/wp\/v2\/media?parent=103610"}],"wp:term":[{"taxonomy":"product_brand","embeddable":true,"href":"https:\/\/www.atta45.se\/e-butik\/wp-json\/wp\/v2\/product_brand?post=103610"},{"taxonomy":"product_cat","embeddable":true,"href":"https:\/\/www.atta45.se\/e-butik\/wp-json\/wp\/v2\/product_cat?post=103610"},{"taxonomy":"product_tag","embeddable":true,"href":"https:\/\/www.atta45.se\/e-butik\/wp-json\/wp\/v2\/product_tag?post=103610"}],"curies":[{"name":"wp","href":"https:\/\/api.w.org\/{rel}","templated":true}]}}