{"id":103570,"date":"2024-12-27T15:05:29","date_gmt":"2024-12-27T14:05:29","guid":{"rendered":"https:\/\/www.atta45.se\/e-butik\/produkt\/putsduk-i-mikrofiber-eu\/"},"modified":"2025-10-28T00:30:39","modified_gmt":"2025-10-27T23:30:39","slug":"putsduk-i-mikrofiber-eu","status":"publish","type":"product","link":"https:\/\/www.atta45.se\/e-butik\/produkt\/putsduk-i-mikrofiber-eu\/","title":{"rendered":"Putsduk i mikrofiber EU"},"content":{"rendered":"<p>Tillverkad i Europa<\/p>\n<p>Dukar f\u00f6r telefon, glas\u00f6gon, linser, kikare \u00e4r en billig och samtidigt v\u00e4ldigt praktisk pryl och reklammedium. Dukarna \u00e4r gjorda av mjukt material designat f\u00f6r sublimeringstryck.<\/p>\n<p>Endast denna tryckteknik absorberas i substratet utan att orsaka<br \/>f\u00f6r\u00e4ndringar i dess mjukhet, s\u00e5 att duken f\u00f6rblir s\u00e4ker f\u00f6r glas.<\/p>\n<p>Material: 100% polyester<br \/>Vikt: 185 gsm<br \/>Storlek: 10 x 15 cm \/ 17 x 18 cm (\u00b1 1 cm)<br \/>F\u00f6rpackning: i plastp\u00e5se<br \/>Tryck: hela ytan<br \/>Teknik: sublimering<\/p>\n<p>The One Premium<\/p>\n","protected":false},"excerpt":{"rendered":"<p>Tillverkad i Europa Dukar f\u00f6r telefon, glas\u00f6gon, linser, kikare \u00e4r en billig och samtidigt v\u00e4ldigt praktisk pryl och reklammedium. Dukarna \u00e4r gjorda av mjukt material designat f\u00f6r sublimeringstryck. Endast denna tryckteknik absorberas i substratet utan att orsakaf\u00f6r\u00e4ndringar i dess mjukhet, s\u00e5 att duken f\u00f6rblir s\u00e4ker f\u00f6r glas. Material: 100% polyesterVikt: 185 gsmStorlek: 10 x 15 [&hellip;]<\/p>\n","protected":false},"featured_media":103571,"template":"","meta":{"_acf_changed":false,"_seopress_robots_primary_cat":"","_seopress_titles_title":"","_seopress_titles_desc":"","_seopress_robots_index":""},"product_brand":[],"product_cat":[15],"product_tag":[],"class_list":{"0":"post-103570","1":"product","2":"type-product","3":"status-publish","4":"has-post-thumbnail","6":"product_cat-okategoriserad","7":"atta45_taxonomy-praktiska-ting-putsduk-sv","8":"atta45_taxonomy-tema-inspiration-varumarken-the-one-premium-sv","10":"first","11":"instock","12":"taxable","13":"shipping-taxable","14":"purchasable","15":"product-type-variable"},"acf":[],"_links":{"self":[{"href":"https:\/\/www.atta45.se\/e-butik\/wp-json\/wp\/v2\/product\/103570","targetHints":{"allow":["GET"]}}],"collection":[{"href":"https:\/\/www.atta45.se\/e-butik\/wp-json\/wp\/v2\/product"}],"about":[{"href":"https:\/\/www.atta45.se\/e-butik\/wp-json\/wp\/v2\/types\/product"}],"wp:featuredmedia":[{"embeddable":true,"href":"https:\/\/www.atta45.se\/e-butik\/wp-json\/wp\/v2\/media\/103571"}],"wp:attachment":[{"href":"https:\/\/www.atta45.se\/e-butik\/wp-json\/wp\/v2\/media?parent=103570"}],"wp:term":[{"taxonomy":"product_brand","embeddable":true,"href":"https:\/\/www.atta45.se\/e-butik\/wp-json\/wp\/v2\/product_brand?post=103570"},{"taxonomy":"product_cat","embeddable":true,"href":"https:\/\/www.atta45.se\/e-butik\/wp-json\/wp\/v2\/product_cat?post=103570"},{"taxonomy":"product_tag","embeddable":true,"href":"https:\/\/www.atta45.se\/e-butik\/wp-json\/wp\/v2\/product_tag?post=103570"}],"curies":[{"name":"wp","href":"https:\/\/api.w.org\/{rel}","templated":true}]}}