{"id":103548,"date":"2024-12-27T15:05:09","date_gmt":"2024-12-27T14:05:09","guid":{"rendered":"https:\/\/www.atta45.se\/e-butik\/produkt\/schwarzwolf-coin-black-planbok-i-neopren\/"},"modified":"2025-10-28T00:53:13","modified_gmt":"2025-10-27T23:53:13","slug":"schwarzwolf-coin-black-planbok-i-neopren","status":"publish","type":"product","link":"https:\/\/www.atta45.se\/e-butik\/produkt\/schwarzwolf-coin-black-planbok-i-neopren\/","title":{"rendered":"Pl\u00e5nbok Schwarzwolf Coin Black i neopren"},"content":{"rendered":"<p>Pl\u00e5nbok Schwarzwolf i neopren. Tunn, l\u00e4tt och praktisk med mjuk kardborrest\u00e4ngning. Fack f\u00f6r sedlar, kreditkort och mynt. Myntfacket \u00e4r enkelt att \u00f6ppna och st\u00e4nga.<br \/>Material: Neopren, 600D Polyester<br \/>Rekommenderad m\u00e4rkning: Screenprint S2<br \/>Maximal tryckstorlek: 50 \u00d7 20 mm<br \/>M\u00e5tt: 13,5 \u00d7 9 \u00d7 1,5 cm<\/p>\n","protected":false},"excerpt":{"rendered":"<p>Pl\u00e5nbok Schwarzwolf i neopren. Tunn, l\u00e4tt och praktisk med mjuk kardborrest\u00e4ngning. Fack f\u00f6r sedlar, kreditkort och mynt. Myntfacket \u00e4r enkelt att \u00f6ppna och st\u00e4nga.Material: Neopren, 600D PolyesterRekommenderad m\u00e4rkning: Screenprint S2Maximal tryckstorlek: 50 \u00d7 20 mmM\u00e5tt: 13,5 \u00d7 9 \u00d7 1,5 cm<\/p>\n","protected":false},"featured_media":103549,"template":"","meta":{"_acf_changed":false,"_seopress_robots_primary_cat":"","_seopress_titles_title":"","_seopress_titles_desc":"","_seopress_robots_index":""},"product_brand":[],"product_cat":[15],"product_tag":[],"class_list":{"0":"post-103548","1":"product","2":"type-product","3":"status-publish","4":"has-post-thumbnail","6":"product_cat-okategoriserad","7":"atta45_taxonomy-fritid-neopren-sv","8":"atta45_taxonomy-praktiska-ting-planbocker-sv","9":"atta45_taxonomy-tema-inspiration-varumarken-schwarzwolf-sv","11":"first","12":"instock","13":"taxable","14":"shipping-taxable","15":"purchasable","16":"product-type-variable"},"acf":[],"_links":{"self":[{"href":"https:\/\/www.atta45.se\/e-butik\/wp-json\/wp\/v2\/product\/103548","targetHints":{"allow":["GET"]}}],"collection":[{"href":"https:\/\/www.atta45.se\/e-butik\/wp-json\/wp\/v2\/product"}],"about":[{"href":"https:\/\/www.atta45.se\/e-butik\/wp-json\/wp\/v2\/types\/product"}],"wp:featuredmedia":[{"embeddable":true,"href":"https:\/\/www.atta45.se\/e-butik\/wp-json\/wp\/v2\/media\/103549"}],"wp:attachment":[{"href":"https:\/\/www.atta45.se\/e-butik\/wp-json\/wp\/v2\/media?parent=103548"}],"wp:term":[{"taxonomy":"product_brand","embeddable":true,"href":"https:\/\/www.atta45.se\/e-butik\/wp-json\/wp\/v2\/product_brand?post=103548"},{"taxonomy":"product_cat","embeddable":true,"href":"https:\/\/www.atta45.se\/e-butik\/wp-json\/wp\/v2\/product_cat?post=103548"},{"taxonomy":"product_tag","embeddable":true,"href":"https:\/\/www.atta45.se\/e-butik\/wp-json\/wp\/v2\/product_tag?post=103548"}],"curies":[{"name":"wp","href":"https:\/\/api.w.org\/{rel}","templated":true}]}}