{"id":103506,"date":"2024-12-27T15:04:27","date_gmt":"2024-12-27T14:04:27","guid":{"rendered":"https:\/\/www.atta45.se\/e-butik\/produkt\/kreditkortshallare\/"},"modified":"2025-10-27T14:57:17","modified_gmt":"2025-10-27T13:57:17","slug":"kreditkortshallare","status":"publish","type":"product","link":"https:\/\/www.atta45.se\/e-butik\/produkt\/kreditkortshallare\/","title":{"rendered":"Kreditkortsh\u00e5llare"},"content":{"rendered":"<p>Kreditkortsh\u00e5llare f\u00f6r ett kreditkort i frostad plast. H\u00e5ller ditt kort rent.<\/p>\n","protected":false},"excerpt":{"rendered":"<p>Kreditkortsh\u00e5llare f\u00f6r ett kreditkort i frostad plast. H\u00e5ller ditt kort rent.<\/p>\n","protected":false},"featured_media":103507,"template":"","meta":{"_acf_changed":false,"_seopress_robots_primary_cat":"","_seopress_titles_title":"","_seopress_titles_desc":"","_seopress_robots_index":""},"product_brand":[],"product_cat":[15],"product_tag":[],"class_list":{"0":"post-103506","1":"product","2":"type-product","3":"status-publish","4":"has-post-thumbnail","6":"product_cat-okategoriserad","7":"atta45_taxonomy-tema-inspiration-ogonblick-kontorsliv-sv","8":"atta45_taxonomy-praktiska-ting-planbocker-sv","9":"atta45_taxonomy-tema-inspiration-sv","10":"atta45_taxonomy-elektronik-kontor-visitkortsfodral-sv","12":"first","13":"instock","14":"taxable","15":"shipping-taxable","16":"purchasable","17":"product-type-variable"},"acf":[],"_links":{"self":[{"href":"https:\/\/www.atta45.se\/e-butik\/wp-json\/wp\/v2\/product\/103506","targetHints":{"allow":["GET"]}}],"collection":[{"href":"https:\/\/www.atta45.se\/e-butik\/wp-json\/wp\/v2\/product"}],"about":[{"href":"https:\/\/www.atta45.se\/e-butik\/wp-json\/wp\/v2\/types\/product"}],"wp:featuredmedia":[{"embeddable":true,"href":"https:\/\/www.atta45.se\/e-butik\/wp-json\/wp\/v2\/media\/103507"}],"wp:attachment":[{"href":"https:\/\/www.atta45.se\/e-butik\/wp-json\/wp\/v2\/media?parent=103506"}],"wp:term":[{"taxonomy":"product_brand","embeddable":true,"href":"https:\/\/www.atta45.se\/e-butik\/wp-json\/wp\/v2\/product_brand?post=103506"},{"taxonomy":"product_cat","embeddable":true,"href":"https:\/\/www.atta45.se\/e-butik\/wp-json\/wp\/v2\/product_cat?post=103506"},{"taxonomy":"product_tag","embeddable":true,"href":"https:\/\/www.atta45.se\/e-butik\/wp-json\/wp\/v2\/product_tag?post=103506"}],"curies":[{"name":"wp","href":"https:\/\/api.w.org\/{rel}","templated":true}]}}