{"id":103462,"date":"2024-12-27T15:03:05","date_gmt":"2024-12-27T14:03:05","guid":{"rendered":"https:\/\/www.atta45.se\/e-butik\/produkt\/nyckelvaska\/"},"modified":"2025-10-27T22:21:53","modified_gmt":"2025-10-27T21:21:53","slug":"nyckelvaska","status":"publish","type":"product","link":"https:\/\/www.atta45.se\/e-butik\/produkt\/nyckelvaska\/","title":{"rendered":"Nyckelpl\u00e5nbok i nylon, Imelda"},"content":{"rendered":"<p>Nyckelv\u00e4ska med dragkedja i nylon (600d). Kan \u00e4ven anv\u00e4ndas f\u00f6r att f\u00f6rvara v\u00e4xelmynt.<\/p>\n","protected":false},"excerpt":{"rendered":"<p>Nyckelv\u00e4ska med dragkedja i nylon (600d). Kan \u00e4ven anv\u00e4ndas f\u00f6r att f\u00f6rvara v\u00e4xelmynt.<\/p>\n","protected":false},"featured_media":103463,"template":"","meta":{"_acf_changed":false,"_seopress_robots_primary_cat":"","_seopress_titles_title":"","_seopress_titles_desc":"","_seopress_robots_index":""},"product_brand":[],"product_cat":[15],"product_tag":[],"class_list":{"0":"post-103462","1":"product","2":"type-product","3":"status-publish","4":"has-post-thumbnail","6":"product_cat-okategoriserad","7":"atta45_taxonomy-reflexer-verktyg-sakerhet-biltillbehor-sv","8":"atta45_taxonomy-tema-inspiration-branscher-sv","9":"atta45_taxonomy-tema-inspiration-branscher-fordonsindustrin-sv","10":"atta45_taxonomy-tema-inspiration-ogonblick-kontorsliv-sv","11":"atta45_taxonomy-praktiska-ting-planbocker-sv","12":"atta45_taxonomy-tema-inspiration-sv","14":"first","15":"instock","16":"taxable","17":"shipping-taxable","18":"purchasable","19":"product-type-variable"},"acf":[],"_links":{"self":[{"href":"https:\/\/www.atta45.se\/e-butik\/wp-json\/wp\/v2\/product\/103462","targetHints":{"allow":["GET"]}}],"collection":[{"href":"https:\/\/www.atta45.se\/e-butik\/wp-json\/wp\/v2\/product"}],"about":[{"href":"https:\/\/www.atta45.se\/e-butik\/wp-json\/wp\/v2\/types\/product"}],"wp:featuredmedia":[{"embeddable":true,"href":"https:\/\/www.atta45.se\/e-butik\/wp-json\/wp\/v2\/media\/103463"}],"wp:attachment":[{"href":"https:\/\/www.atta45.se\/e-butik\/wp-json\/wp\/v2\/media?parent=103462"}],"wp:term":[{"taxonomy":"product_brand","embeddable":true,"href":"https:\/\/www.atta45.se\/e-butik\/wp-json\/wp\/v2\/product_brand?post=103462"},{"taxonomy":"product_cat","embeddable":true,"href":"https:\/\/www.atta45.se\/e-butik\/wp-json\/wp\/v2\/product_cat?post=103462"},{"taxonomy":"product_tag","embeddable":true,"href":"https:\/\/www.atta45.se\/e-butik\/wp-json\/wp\/v2\/product_tag?post=103462"}],"curies":[{"name":"wp","href":"https:\/\/api.w.org\/{rel}","templated":true}]}}