{"id":103422,"date":"2024-12-27T15:02:06","date_gmt":"2024-12-27T14:02:06","guid":{"rendered":"https:\/\/www.atta45.se\/e-butik\/produkt\/keycoin-kundvagnsmynt-svensk-10-kr\/"},"modified":"2025-10-28T03:37:06","modified_gmt":"2025-10-28T02:37:06","slug":"keycoin-kundvagnsmynt-svensk-10-kr","status":"publish","type":"product","link":"https:\/\/www.atta45.se\/e-butik\/produkt\/keycoin-kundvagnsmynt-svensk-10-kr\/","title":{"rendered":"Kundvagnsmynt \/ KeyCoin (Svensk 10 kr)"},"content":{"rendered":"<p>Ett keycoin eller kundvagnsmynt \u00e4r ett m\u00e5ste n\u00e4r man bes\u00f6ker varuhuset och ska ha en kundvagn. Denna produkt kombinerar marknadsf\u00f6ring med god nytta. Myntet kommer tillsammans med en karbinhake och spr\u00e4ngring.<\/p>\n","protected":false},"excerpt":{"rendered":"<p>Ett keycoin eller kundvagnsmynt \u00e4r ett m\u00e5ste n\u00e4r man bes\u00f6ker varuhuset och ska ha en kundvagn. Denna produkt kombinerar marknadsf\u00f6ring med god nytta. Myntet kommer tillsammans med en karbinhake och spr\u00e4ngring.<\/p>\n","protected":false},"featured_media":103423,"template":"","meta":{"_acf_changed":false,"_seopress_robots_primary_cat":"","_seopress_titles_title":"","_seopress_titles_desc":"","_seopress_robots_index":""},"product_brand":[],"product_cat":[15],"product_tag":[],"class_list":{"0":"post-103422","1":"product","2":"type-product","3":"status-publish","4":"has-post-thumbnail","6":"product_cat-okategoriserad","7":"atta45_taxonomy-praktiska-ting-nyckelringar-utan-lampor-sv","8":"atta45_taxonomy-tema-inspiration-varumarken-ycp-sv","10":"first","11":"instock","12":"taxable","13":"shipping-taxable","14":"purchasable","15":"product-type-variable"},"acf":[],"_links":{"self":[{"href":"https:\/\/www.atta45.se\/e-butik\/wp-json\/wp\/v2\/product\/103422","targetHints":{"allow":["GET"]}}],"collection":[{"href":"https:\/\/www.atta45.se\/e-butik\/wp-json\/wp\/v2\/product"}],"about":[{"href":"https:\/\/www.atta45.se\/e-butik\/wp-json\/wp\/v2\/types\/product"}],"wp:featuredmedia":[{"embeddable":true,"href":"https:\/\/www.atta45.se\/e-butik\/wp-json\/wp\/v2\/media\/103423"}],"wp:attachment":[{"href":"https:\/\/www.atta45.se\/e-butik\/wp-json\/wp\/v2\/media?parent=103422"}],"wp:term":[{"taxonomy":"product_brand","embeddable":true,"href":"https:\/\/www.atta45.se\/e-butik\/wp-json\/wp\/v2\/product_brand?post=103422"},{"taxonomy":"product_cat","embeddable":true,"href":"https:\/\/www.atta45.se\/e-butik\/wp-json\/wp\/v2\/product_cat?post=103422"},{"taxonomy":"product_tag","embeddable":true,"href":"https:\/\/www.atta45.se\/e-butik\/wp-json\/wp\/v2\/product_tag?post=103422"}],"curies":[{"name":"wp","href":"https:\/\/api.w.org\/{rel}","templated":true}]}}