{"id":103356,"date":"2024-12-27T15:00:27","date_gmt":"2024-12-27T14:00:27","guid":{"rendered":"https:\/\/www.atta45.se\/e-butik\/produkt\/mjukt-mattband-1-5m\/"},"modified":"2025-10-27T22:08:01","modified_gmt":"2025-10-27T21:08:01","slug":"mjukt-mattband-1-5m","status":"publish","type":"product","link":"https:\/\/www.atta45.se\/e-butik\/produkt\/mjukt-mattband-1-5m\/","title":{"rendered":"Mjukt m\u00e5ttband, 1.5m"},"content":{"rendered":"<p>Mjukt m\u00e5ttband med nyckelring och hus av plast, 1,5 m. Dra ut m\u00e5ttbandet f\u00f6r att m\u00e4ta, tryck p\u00e5 den svarta knappen f\u00f6r att bandet ska \u00e5ka tillbaka. Bra tryckyta p\u00e5 baksidan.<\/p>\n","protected":false},"excerpt":{"rendered":"<p>Mjukt m\u00e5ttband med nyckelring och hus av plast, 1,5 m. Dra ut m\u00e5ttbandet f\u00f6r att m\u00e4ta, tryck p\u00e5 den svarta knappen f\u00f6r att bandet ska \u00e5ka tillbaka. Bra tryckyta p\u00e5 baksidan.<\/p>\n","protected":false},"featured_media":103357,"template":"","meta":{"_acf_changed":false,"_seopress_robots_primary_cat":"","_seopress_titles_title":"","_seopress_titles_desc":"","_seopress_robots_index":""},"product_brand":[],"product_cat":[15],"product_tag":[],"class_list":{"0":"post-103356","1":"product","2":"type-product","3":"status-publish","4":"has-post-thumbnail","6":"product_cat-okategoriserad","7":"atta45_taxonomy-tema-inspiration-ogonblick-arbete-pagar-sv","8":"atta45_taxonomy-praktiska-ting-nyckelringar-utan-lampor-sv","9":"atta45_taxonomy-tema-inspiration-sv","11":"first","12":"instock","13":"taxable","14":"shipping-taxable","15":"purchasable","16":"product-type-variable"},"acf":[],"_links":{"self":[{"href":"https:\/\/www.atta45.se\/e-butik\/wp-json\/wp\/v2\/product\/103356","targetHints":{"allow":["GET"]}}],"collection":[{"href":"https:\/\/www.atta45.se\/e-butik\/wp-json\/wp\/v2\/product"}],"about":[{"href":"https:\/\/www.atta45.se\/e-butik\/wp-json\/wp\/v2\/types\/product"}],"wp:featuredmedia":[{"embeddable":true,"href":"https:\/\/www.atta45.se\/e-butik\/wp-json\/wp\/v2\/media\/103357"}],"wp:attachment":[{"href":"https:\/\/www.atta45.se\/e-butik\/wp-json\/wp\/v2\/media?parent=103356"}],"wp:term":[{"taxonomy":"product_brand","embeddable":true,"href":"https:\/\/www.atta45.se\/e-butik\/wp-json\/wp\/v2\/product_brand?post=103356"},{"taxonomy":"product_cat","embeddable":true,"href":"https:\/\/www.atta45.se\/e-butik\/wp-json\/wp\/v2\/product_cat?post=103356"},{"taxonomy":"product_tag","embeddable":true,"href":"https:\/\/www.atta45.se\/e-butik\/wp-json\/wp\/v2\/product_tag?post=103356"}],"curies":[{"name":"wp","href":"https:\/\/api.w.org\/{rel}","templated":true}]}}