{"id":103282,"date":"2024-12-27T14:59:19","date_gmt":"2024-12-27T13:59:19","guid":{"rendered":"https:\/\/www.atta45.se\/e-butik\/produkt\/anti-stress-figur-nyckelring-med-hjarta-lilou\/"},"modified":"2025-10-27T20:58:44","modified_gmt":"2025-10-27T19:58:44","slug":"anti-stress-figur-nyckelring-med-hjarta-lilou","status":"publish","type":"product","link":"https:\/\/www.atta45.se\/e-butik\/produkt\/anti-stress-figur-nyckelring-med-hjarta-lilou\/","title":{"rendered":"Anti-stress figur nyckelring med hj\u00e4rta, Lilou"},"content":{"rendered":"<p>Nyckelring med stressfigur, hj\u00e4rta. Tillverkat av PU skum och metall. Eftersom figuren \u00e4r tillverkad ett v\u00e4ldigt por\u00f6st material s\u00e5 b\u00f6r man t\u00e4nka p\u00e5 att ett eventuellt tryck blir begr\u00e4nsat i detaljrikedom, livsl\u00e4ngd och fixering.<\/p>\n","protected":false},"excerpt":{"rendered":"<p>Nyckelring med stressfigur, hj\u00e4rta. Tillverkat av PU skum och metall. Eftersom figuren \u00e4r tillverkad ett v\u00e4ldigt por\u00f6st material s\u00e5 b\u00f6r man t\u00e4nka p\u00e5 att ett eventuellt tryck blir begr\u00e4nsat i detaljrikedom, livsl\u00e4ngd och fixering.<\/p>\n","protected":false},"featured_media":103283,"template":"","meta":{"_acf_changed":false,"_seopress_robots_primary_cat":"","_seopress_titles_title":"","_seopress_titles_desc":"","_seopress_robots_index":""},"product_brand":[],"product_cat":[15],"product_tag":[],"class_list":{"0":"post-103282","1":"product","2":"type-product","3":"status-publish","4":"has-post-thumbnail","6":"product_cat-okategoriserad","7":"atta45_taxonomy-tema-inspiration-ogonblick-alla-hjartans-dag-sv","8":"atta45_taxonomy-tema-inspiration-ogonblick-arsslut-sv","9":"atta45_taxonomy-tema-inspiration-branscher-sv","10":"atta45_taxonomy-tema-inspiration-ogonblick-kontorsliv-sv","11":"atta45_taxonomy-praktiska-ting-nyckelringar-utan-lampor-sv","12":"atta45_taxonomy-tema-inspiration-ogonblick-sv","13":"atta45_taxonomy-tema-inspiration-branscher-sjukvard-sv","14":"atta45_taxonomy-tema-inspiration-sv","16":"first","17":"instock","18":"taxable","19":"shipping-taxable","20":"purchasable","21":"product-type-variable"},"acf":[],"_links":{"self":[{"href":"https:\/\/www.atta45.se\/e-butik\/wp-json\/wp\/v2\/product\/103282","targetHints":{"allow":["GET"]}}],"collection":[{"href":"https:\/\/www.atta45.se\/e-butik\/wp-json\/wp\/v2\/product"}],"about":[{"href":"https:\/\/www.atta45.se\/e-butik\/wp-json\/wp\/v2\/types\/product"}],"wp:featuredmedia":[{"embeddable":true,"href":"https:\/\/www.atta45.se\/e-butik\/wp-json\/wp\/v2\/media\/103283"}],"wp:attachment":[{"href":"https:\/\/www.atta45.se\/e-butik\/wp-json\/wp\/v2\/media?parent=103282"}],"wp:term":[{"taxonomy":"product_brand","embeddable":true,"href":"https:\/\/www.atta45.se\/e-butik\/wp-json\/wp\/v2\/product_brand?post=103282"},{"taxonomy":"product_cat","embeddable":true,"href":"https:\/\/www.atta45.se\/e-butik\/wp-json\/wp\/v2\/product_cat?post=103282"},{"taxonomy":"product_tag","embeddable":true,"href":"https:\/\/www.atta45.se\/e-butik\/wp-json\/wp\/v2\/product_tag?post=103282"}],"curies":[{"name":"wp","href":"https:\/\/api.w.org\/{rel}","templated":true}]}}