{"id":103270,"date":"2024-12-27T14:59:04","date_gmt":"2024-12-27T13:59:04","guid":{"rendered":"https:\/\/www.atta45.se\/e-butik\/produkt\/flytande-nyckelring-i-oval-form\/"},"modified":"2025-10-27T20:58:32","modified_gmt":"2025-10-27T19:58:32","slug":"flytande-nyckelring-i-oval-form","status":"publish","type":"product","link":"https:\/\/www.atta45.se\/e-butik\/produkt\/flytande-nyckelring-i-oval-form\/","title":{"rendered":"Flytande nyckelring i oval form"},"content":{"rendered":"<p>Oval flytande nyckelring i skumgummi. Eftersom figuren \u00e4r tillverkad ett v\u00e4ldigt por\u00f6st material s\u00e5 b\u00f6r man t\u00e4nka p\u00e5 att ett eventuellt tryck blir begr\u00e4nsat i detaljrikedom, livsl\u00e4ngd och fixering.<\/p>\n","protected":false},"excerpt":{"rendered":"<p>Oval flytande nyckelring i skumgummi. Eftersom figuren \u00e4r tillverkad ett v\u00e4ldigt por\u00f6st material s\u00e5 b\u00f6r man t\u00e4nka p\u00e5 att ett eventuellt tryck blir begr\u00e4nsat i detaljrikedom, livsl\u00e4ngd och fixering.<\/p>\n","protected":false},"featured_media":103271,"template":"","meta":{"_acf_changed":false,"_seopress_robots_primary_cat":"","_seopress_titles_title":"","_seopress_titles_desc":"","_seopress_robots_index":""},"product_brand":[],"product_cat":[15],"product_tag":[],"class_list":{"0":"post-103270","1":"product","2":"type-product","3":"status-publish","4":"has-post-thumbnail","6":"product_cat-okategoriserad","7":"atta45_taxonomy-tema-inspiration-branscher-sv","8":"atta45_taxonomy-praktiska-ting-nyckelringar-utan-lampor-sv","9":"atta45_taxonomy-tema-inspiration-branscher-rekreation-sv","10":"atta45_taxonomy-tema-inspiration-sasong-sv","11":"atta45_taxonomy-tema-inspiration-sasong-sommar-sv","12":"atta45_taxonomy-tema-inspiration-ogonblick-sommargladje-sv","13":"atta45_taxonomy-tema-inspiration-sv","15":"first","16":"instock","17":"taxable","18":"shipping-taxable","19":"purchasable","20":"product-type-variable"},"acf":[],"_links":{"self":[{"href":"https:\/\/www.atta45.se\/e-butik\/wp-json\/wp\/v2\/product\/103270","targetHints":{"allow":["GET"]}}],"collection":[{"href":"https:\/\/www.atta45.se\/e-butik\/wp-json\/wp\/v2\/product"}],"about":[{"href":"https:\/\/www.atta45.se\/e-butik\/wp-json\/wp\/v2\/types\/product"}],"wp:featuredmedia":[{"embeddable":true,"href":"https:\/\/www.atta45.se\/e-butik\/wp-json\/wp\/v2\/media\/103271"}],"wp:attachment":[{"href":"https:\/\/www.atta45.se\/e-butik\/wp-json\/wp\/v2\/media?parent=103270"}],"wp:term":[{"taxonomy":"product_brand","embeddable":true,"href":"https:\/\/www.atta45.se\/e-butik\/wp-json\/wp\/v2\/product_brand?post=103270"},{"taxonomy":"product_cat","embeddable":true,"href":"https:\/\/www.atta45.se\/e-butik\/wp-json\/wp\/v2\/product_cat?post=103270"},{"taxonomy":"product_tag","embeddable":true,"href":"https:\/\/www.atta45.se\/e-butik\/wp-json\/wp\/v2\/product_tag?post=103270"}],"curies":[{"name":"wp","href":"https:\/\/api.w.org\/{rel}","templated":true}]}}