{"id":103258,"date":"2024-12-27T14:58:46","date_gmt":"2024-12-27T13:58:46","guid":{"rendered":"https:\/\/www.atta45.se\/e-butik\/produkt\/flytande-nyckelring-i-eva-i-form-av-segelbat\/"},"modified":"2025-10-27T20:39:00","modified_gmt":"2025-10-27T19:39:00","slug":"flytande-nyckelring-i-eva-i-form-av-segelbat","status":"publish","type":"product","link":"https:\/\/www.atta45.se\/e-butik\/produkt\/flytande-nyckelring-i-eva-i-form-av-segelbat\/","title":{"rendered":"Flytande nyckelring i EVA i form av segelb\u00e5t"},"content":{"rendered":"<p>Flytande nyckelring i EVA i form av en segelb\u00e5t med nylonsn\u00f6re och metallring.<\/p>\n","protected":false},"excerpt":{"rendered":"<p>Flytande nyckelring i EVA i form av en segelb\u00e5t med nylonsn\u00f6re och metallring.<\/p>\n","protected":false},"featured_media":103259,"template":"","meta":{"_acf_changed":false,"_seopress_robots_primary_cat":"","_seopress_titles_title":"","_seopress_titles_desc":"","_seopress_robots_index":""},"product_brand":[],"product_cat":[15],"product_tag":[],"class_list":{"0":"post-103258","1":"product","2":"type-product","3":"status-publish","4":"has-post-thumbnail","6":"product_cat-okategoriserad","7":"atta45_taxonomy-tema-inspiration-branscher-sv","8":"atta45_taxonomy-tema-inspiration-ogonblick-kontorsliv-sv","9":"atta45_taxonomy-praktiska-ting-nyckelringar-utan-lampor-sv","10":"atta45_taxonomy-tema-inspiration-branscher-rekreation-sv","11":"atta45_taxonomy-tema-inspiration-sasong-sv","12":"atta45_taxonomy-tema-inspiration-sasong-sommar-sv","13":"atta45_taxonomy-tema-inspiration-sv","15":"first","16":"instock","17":"taxable","18":"shipping-taxable","19":"purchasable","20":"product-type-variable"},"acf":[],"_links":{"self":[{"href":"https:\/\/www.atta45.se\/e-butik\/wp-json\/wp\/v2\/product\/103258","targetHints":{"allow":["GET"]}}],"collection":[{"href":"https:\/\/www.atta45.se\/e-butik\/wp-json\/wp\/v2\/product"}],"about":[{"href":"https:\/\/www.atta45.se\/e-butik\/wp-json\/wp\/v2\/types\/product"}],"wp:featuredmedia":[{"embeddable":true,"href":"https:\/\/www.atta45.se\/e-butik\/wp-json\/wp\/v2\/media\/103259"}],"wp:attachment":[{"href":"https:\/\/www.atta45.se\/e-butik\/wp-json\/wp\/v2\/media?parent=103258"}],"wp:term":[{"taxonomy":"product_brand","embeddable":true,"href":"https:\/\/www.atta45.se\/e-butik\/wp-json\/wp\/v2\/product_brand?post=103258"},{"taxonomy":"product_cat","embeddable":true,"href":"https:\/\/www.atta45.se\/e-butik\/wp-json\/wp\/v2\/product_cat?post=103258"},{"taxonomy":"product_tag","embeddable":true,"href":"https:\/\/www.atta45.se\/e-butik\/wp-json\/wp\/v2\/product_tag?post=103258"}],"curies":[{"name":"wp","href":"https:\/\/api.w.org\/{rel}","templated":true}]}}