{"id":103076,"date":"2024-12-27T14:56:11","date_gmt":"2024-12-27T13:56:11","guid":{"rendered":"https:\/\/www.atta45.se\/e-butik\/produkt\/nyckelring-i-metall-med-kundvagnsmynt\/"},"modified":"2025-10-27T15:46:00","modified_gmt":"2025-10-27T14:46:00","slug":"nyckelring-i-metall-med-kundvagnsmynt","status":"publish","type":"product","link":"https:\/\/www.atta45.se\/e-butik\/produkt\/nyckelring-i-metall-med-kundvagnsmynt\/","title":{"rendered":"Nyckelring i metall med kundvagnsmynt Christie"},"content":{"rendered":"<p>Nyckelh\u00e5llare i metall med kundvagnsmynt (Euro). Nyckelringen \u00e4r extra stor. Levereras individuellt f\u00f6rpackad i en polyp\u00e5se.<\/p>\n","protected":false},"excerpt":{"rendered":"<p>Nyckelh\u00e5llare i metall med kundvagnsmynt (Euro). Nyckelringen \u00e4r extra stor. Levereras individuellt f\u00f6rpackad i en polyp\u00e5se.<\/p>\n","protected":false},"featured_media":103077,"template":"","meta":{"_acf_changed":false,"_seopress_robots_primary_cat":"","_seopress_titles_title":"","_seopress_titles_desc":"","_seopress_robots_index":""},"product_brand":[],"product_cat":[15],"product_tag":[],"class_list":{"0":"post-103076","1":"product","2":"type-product","3":"status-publish","4":"has-post-thumbnail","6":"product_cat-okategoriserad","7":"atta45_taxonomy-tema-inspiration-ogonblick-kontorsliv-sv","8":"atta45_taxonomy-tema-inspiration-speciella-trycktekniker-name-it-sv","9":"atta45_taxonomy-praktiska-ting-nyckelringar-med-lampor-sv","10":"atta45_taxonomy-praktiska-ting-nyckelringar-utan-lampor-sv","11":"atta45_taxonomy-tema-inspiration-sv","13":"first","14":"instock","15":"taxable","16":"shipping-taxable","17":"purchasable","18":"product-type-variable"},"acf":[],"_links":{"self":[{"href":"https:\/\/www.atta45.se\/e-butik\/wp-json\/wp\/v2\/product\/103076","targetHints":{"allow":["GET"]}}],"collection":[{"href":"https:\/\/www.atta45.se\/e-butik\/wp-json\/wp\/v2\/product"}],"about":[{"href":"https:\/\/www.atta45.se\/e-butik\/wp-json\/wp\/v2\/types\/product"}],"wp:featuredmedia":[{"embeddable":true,"href":"https:\/\/www.atta45.se\/e-butik\/wp-json\/wp\/v2\/media\/103077"}],"wp:attachment":[{"href":"https:\/\/www.atta45.se\/e-butik\/wp-json\/wp\/v2\/media?parent=103076"}],"wp:term":[{"taxonomy":"product_brand","embeddable":true,"href":"https:\/\/www.atta45.se\/e-butik\/wp-json\/wp\/v2\/product_brand?post=103076"},{"taxonomy":"product_cat","embeddable":true,"href":"https:\/\/www.atta45.se\/e-butik\/wp-json\/wp\/v2\/product_cat?post=103076"},{"taxonomy":"product_tag","embeddable":true,"href":"https:\/\/www.atta45.se\/e-butik\/wp-json\/wp\/v2\/product_tag?post=103076"}],"curies":[{"name":"wp","href":"https:\/\/api.w.org\/{rel}","templated":true}]}}