{"id":103006,"date":"2024-12-27T14:54:20","date_gmt":"2024-12-27T13:54:20","guid":{"rendered":"https:\/\/www.atta45.se\/e-butik\/produkt\/2-i-1-nyckelring-i-abs\/"},"modified":"2025-10-27T14:55:32","modified_gmt":"2025-10-27T13:55:32","slug":"2-i-1-nyckelring-i-abs","status":"publish","type":"product","link":"https:\/\/www.atta45.se\/e-butik\/produkt\/2-i-1-nyckelring-i-abs\/","title":{"rendered":"Nyckelh\u00e5llare, med lampa ABS 2-in-1"},"content":{"rendered":"<p>Ficklampa i ABS med LED-lampa. S\u00e4rskilt utformad f\u00f6r m\u00e4rkning med lasergravyr, motivet lyses d\u00e5 upp n\u00e4r lampan t\u00e4nds. Batterier ing\u00e5r.<\/p>\n","protected":false},"excerpt":{"rendered":"<p>Ficklampa i ABS med LED-lampa. S\u00e4rskilt utformad f\u00f6r m\u00e4rkning med lasergravyr, motivet lyses d\u00e5 upp n\u00e4r lampan t\u00e4nds. Batterier ing\u00e5r.<\/p>\n","protected":false},"featured_media":103007,"template":"","meta":{"_acf_changed":false,"_seopress_robots_primary_cat":"","_seopress_titles_title":"","_seopress_titles_desc":"","_seopress_robots_index":""},"product_brand":[],"product_cat":[15],"product_tag":[],"class_list":{"0":"post-103006","1":"product","2":"type-product","3":"status-publish","4":"has-post-thumbnail","6":"product_cat-okategoriserad","7":"atta45_taxonomy-tema-inspiration-ogonblick-arbete-pagar-sv","8":"atta45_taxonomy-reflexer-verktyg-sakerhet-lampor-sv","9":"atta45_taxonomy-tema-inspiration-speciella-trycktekniker-name-it-sv","10":"atta45_taxonomy-praktiska-ting-nyckelringar-med-lampor-sv","11":"atta45_taxonomy-praktiska-ting-nyckelringar-utan-lampor-sv","12":"atta45_taxonomy-tema-inspiration-utvalda-produkter-snabbleverans-sv","13":"atta45_taxonomy-tema-inspiration-sv","15":"first","16":"instock","17":"taxable","18":"shipping-taxable","19":"purchasable","20":"product-type-variable"},"acf":[],"_links":{"self":[{"href":"https:\/\/www.atta45.se\/e-butik\/wp-json\/wp\/v2\/product\/103006","targetHints":{"allow":["GET"]}}],"collection":[{"href":"https:\/\/www.atta45.se\/e-butik\/wp-json\/wp\/v2\/product"}],"about":[{"href":"https:\/\/www.atta45.se\/e-butik\/wp-json\/wp\/v2\/types\/product"}],"wp:featuredmedia":[{"embeddable":true,"href":"https:\/\/www.atta45.se\/e-butik\/wp-json\/wp\/v2\/media\/103007"}],"wp:attachment":[{"href":"https:\/\/www.atta45.se\/e-butik\/wp-json\/wp\/v2\/media?parent=103006"}],"wp:term":[{"taxonomy":"product_brand","embeddable":true,"href":"https:\/\/www.atta45.se\/e-butik\/wp-json\/wp\/v2\/product_brand?post=103006"},{"taxonomy":"product_cat","embeddable":true,"href":"https:\/\/www.atta45.se\/e-butik\/wp-json\/wp\/v2\/product_cat?post=103006"},{"taxonomy":"product_tag","embeddable":true,"href":"https:\/\/www.atta45.se\/e-butik\/wp-json\/wp\/v2\/product_tag?post=103006"}],"curies":[{"name":"wp","href":"https:\/\/api.w.org\/{rel}","templated":true}]}}