{"id":102956,"date":"2024-12-27T14:53:14","date_gmt":"2024-12-27T13:53:14","guid":{"rendered":"https:\/\/www.atta45.se\/e-butik\/produkt\/nyckelring-i-metall-3\/"},"modified":"2025-10-27T23:30:47","modified_gmt":"2025-10-27T22:30:47","slug":"nyckelring-i-metall-3","status":"publish","type":"product","link":"https:\/\/www.atta45.se\/e-butik\/produkt\/nyckelring-i-metall-3\/","title":{"rendered":"Nyckelring i metall, Sullivan"},"content":{"rendered":"<p>Nyckelring i metall i form av en cykel. Plattan p\u00e5 nyckelringen passar utm\u00e4rkt att gravera eller trycka p\u00e5. Levereras i en presentf\u00f6rpackning.<\/p>\n","protected":false},"excerpt":{"rendered":"<p>Nyckelring i metall i form av en cykel. Plattan p\u00e5 nyckelringen passar utm\u00e4rkt att gravera eller trycka p\u00e5. Levereras i en presentf\u00f6rpackning.<\/p>\n","protected":false},"featured_media":102957,"template":"","meta":{"_acf_changed":false,"_seopress_robots_primary_cat":"","_seopress_titles_title":"","_seopress_titles_desc":"","_seopress_robots_index":""},"product_brand":[],"product_cat":[15],"product_tag":[],"class_list":{"0":"post-102956","1":"product","2":"type-product","3":"status-publish","4":"has-post-thumbnail","6":"product_cat-okategoriserad","7":"atta45_taxonomy-tema-inspiration-ogonblick-kontorsliv-sv","8":"atta45_taxonomy-tema-inspiration-speciella-trycktekniker-name-it-sv","9":"atta45_taxonomy-praktiska-ting-nyckelringar-med-lampor-sv","10":"atta45_taxonomy-praktiska-ting-nyckelringar-utan-lampor-sv","11":"atta45_taxonomy-tema-inspiration-sv","13":"first","14":"instock","15":"taxable","16":"shipping-taxable","17":"purchasable","18":"product-type-variable"},"acf":[],"_links":{"self":[{"href":"https:\/\/www.atta45.se\/e-butik\/wp-json\/wp\/v2\/product\/102956","targetHints":{"allow":["GET"]}}],"collection":[{"href":"https:\/\/www.atta45.se\/e-butik\/wp-json\/wp\/v2\/product"}],"about":[{"href":"https:\/\/www.atta45.se\/e-butik\/wp-json\/wp\/v2\/types\/product"}],"wp:featuredmedia":[{"embeddable":true,"href":"https:\/\/www.atta45.se\/e-butik\/wp-json\/wp\/v2\/media\/102957"}],"wp:attachment":[{"href":"https:\/\/www.atta45.se\/e-butik\/wp-json\/wp\/v2\/media?parent=102956"}],"wp:term":[{"taxonomy":"product_brand","embeddable":true,"href":"https:\/\/www.atta45.se\/e-butik\/wp-json\/wp\/v2\/product_brand?post=102956"},{"taxonomy":"product_cat","embeddable":true,"href":"https:\/\/www.atta45.se\/e-butik\/wp-json\/wp\/v2\/product_cat?post=102956"},{"taxonomy":"product_tag","embeddable":true,"href":"https:\/\/www.atta45.se\/e-butik\/wp-json\/wp\/v2\/product_tag?post=102956"}],"curies":[{"name":"wp","href":"https:\/\/api.w.org\/{rel}","templated":true}]}}