{"id":102878,"date":"2024-12-27T14:52:03","date_gmt":"2024-12-27T13:52:03","guid":{"rendered":"https:\/\/www.atta45.se\/e-butik\/produkt\/ficklampa-i-metall-led-lampa\/"},"modified":"2025-10-27T23:14:08","modified_gmt":"2025-10-27T22:14:08","slug":"ficklampa-i-metall-led-lampa","status":"publish","type":"product","link":"https:\/\/www.atta45.se\/e-butik\/produkt\/ficklampa-i-metall-led-lampa\/","title":{"rendered":"Ficklampa, 2-i-1, med nyckelring, i aluminium, Anna"},"content":{"rendered":"<p>Ficklampa i aluminium med LED-ljus, 3 dioder, och hake. Tryckknapp av gummi p\u00e5 \u00e4ndan av lampan. Batterier medf\u00f6ljer.<\/p>\n","protected":false},"excerpt":{"rendered":"<p>Ficklampa i aluminium med LED-ljus, 3 dioder, och hake. Tryckknapp av gummi p\u00e5 \u00e4ndan av lampan. Batterier medf\u00f6ljer.<\/p>\n","protected":false},"featured_media":102879,"template":"","meta":{"_acf_changed":false,"_seopress_robots_primary_cat":"","_seopress_titles_title":"","_seopress_titles_desc":"","_seopress_robots_index":""},"product_brand":[],"product_cat":[15],"product_tag":[],"class_list":{"0":"post-102878","1":"product","2":"type-product","3":"status-publish","4":"has-post-thumbnail","6":"product_cat-okategoriserad","7":"atta45_taxonomy-tema-inspiration-ogonblick-kontorsliv-sv","8":"atta45_taxonomy-reflexer-verktyg-sakerhet-lampor-sv","9":"atta45_taxonomy-praktiska-ting-nyckelringar-med-lampor-sv","10":"atta45_taxonomy-praktiska-ting-nyckelringar-utan-lampor-sv","11":"atta45_taxonomy-tema-inspiration-utvalda-produkter-snabbleverans-sv","12":"atta45_taxonomy-tema-inspiration-sv","14":"first","15":"instock","16":"taxable","17":"shipping-taxable","18":"purchasable","19":"product-type-variable"},"acf":[],"_links":{"self":[{"href":"https:\/\/www.atta45.se\/e-butik\/wp-json\/wp\/v2\/product\/102878","targetHints":{"allow":["GET"]}}],"collection":[{"href":"https:\/\/www.atta45.se\/e-butik\/wp-json\/wp\/v2\/product"}],"about":[{"href":"https:\/\/www.atta45.se\/e-butik\/wp-json\/wp\/v2\/types\/product"}],"wp:featuredmedia":[{"embeddable":true,"href":"https:\/\/www.atta45.se\/e-butik\/wp-json\/wp\/v2\/media\/102879"}],"wp:attachment":[{"href":"https:\/\/www.atta45.se\/e-butik\/wp-json\/wp\/v2\/media?parent=102878"}],"wp:term":[{"taxonomy":"product_brand","embeddable":true,"href":"https:\/\/www.atta45.se\/e-butik\/wp-json\/wp\/v2\/product_brand?post=102878"},{"taxonomy":"product_cat","embeddable":true,"href":"https:\/\/www.atta45.se\/e-butik\/wp-json\/wp\/v2\/product_cat?post=102878"},{"taxonomy":"product_tag","embeddable":true,"href":"https:\/\/www.atta45.se\/e-butik\/wp-json\/wp\/v2\/product_tag?post=102878"}],"curies":[{"name":"wp","href":"https:\/\/api.w.org\/{rel}","templated":true}]}}