{"id":102816,"date":"2024-12-27T14:50:54","date_gmt":"2024-12-27T13:50:54","guid":{"rendered":"https:\/\/www.atta45.se\/e-butik\/produkt\/nyckelring-i-metall-i-form-av-hus\/"},"modified":"2025-10-27T22:38:53","modified_gmt":"2025-10-27T21:38:53","slug":"nyckelring-i-metall-i-form-av-hus","status":"publish","type":"product","link":"https:\/\/www.atta45.se\/e-butik\/produkt\/nyckelring-i-metall-i-form-av-hus\/","title":{"rendered":"Nyckelring, i metall, Mika"},"content":{"rendered":"<p>Nyckelring i h\u00f6gblank metall. Elegant och gedigen. Bra m\u00e4rkyta. Levereras i presentf\u00f6rpackning.<\/p>\n","protected":false},"excerpt":{"rendered":"<p>Nyckelring i h\u00f6gblank metall. Elegant och gedigen. Bra m\u00e4rkyta. Levereras i presentf\u00f6rpackning.<\/p>\n","protected":false},"featured_media":102817,"template":"","meta":{"_acf_changed":false,"_seopress_robots_primary_cat":"","_seopress_titles_title":"","_seopress_titles_desc":"","_seopress_robots_index":""},"product_brand":[],"product_cat":[15],"product_tag":[],"class_list":{"0":"post-102816","1":"product","2":"type-product","3":"status-publish","4":"has-post-thumbnail","6":"product_cat-okategoriserad","7":"atta45_taxonomy-tema-inspiration-branscher-sv","8":"atta45_taxonomy-tema-inspiration-branscher-konstruktion-sv","9":"atta45_taxonomy-tema-inspiration-ogonblick-kontorsliv-sv","10":"atta45_taxonomy-tema-inspiration-speciella-trycktekniker-name-it-sv","11":"atta45_taxonomy-praktiska-ting-nyckelringar-med-lampor-sv","12":"atta45_taxonomy-praktiska-ting-nyckelringar-utan-lampor-sv","13":"atta45_taxonomy-tema-inspiration-sv","15":"first","16":"instock","17":"taxable","18":"shipping-taxable","19":"purchasable","20":"product-type-variable"},"acf":[],"_links":{"self":[{"href":"https:\/\/www.atta45.se\/e-butik\/wp-json\/wp\/v2\/product\/102816","targetHints":{"allow":["GET"]}}],"collection":[{"href":"https:\/\/www.atta45.se\/e-butik\/wp-json\/wp\/v2\/product"}],"about":[{"href":"https:\/\/www.atta45.se\/e-butik\/wp-json\/wp\/v2\/types\/product"}],"wp:featuredmedia":[{"embeddable":true,"href":"https:\/\/www.atta45.se\/e-butik\/wp-json\/wp\/v2\/media\/102817"}],"wp:attachment":[{"href":"https:\/\/www.atta45.se\/e-butik\/wp-json\/wp\/v2\/media?parent=102816"}],"wp:term":[{"taxonomy":"product_brand","embeddable":true,"href":"https:\/\/www.atta45.se\/e-butik\/wp-json\/wp\/v2\/product_brand?post=102816"},{"taxonomy":"product_cat","embeddable":true,"href":"https:\/\/www.atta45.se\/e-butik\/wp-json\/wp\/v2\/product_cat?post=102816"},{"taxonomy":"product_tag","embeddable":true,"href":"https:\/\/www.atta45.se\/e-butik\/wp-json\/wp\/v2\/product_tag?post=102816"}],"curies":[{"name":"wp","href":"https:\/\/api.w.org\/{rel}","templated":true}]}}