{"id":102800,"date":"2024-12-27T14:50:36","date_gmt":"2024-12-27T13:50:36","guid":{"rendered":"https:\/\/www.atta45.se\/e-butik\/produkt\/nyckelring-burk-med-lampa\/"},"modified":"2025-10-27T22:13:31","modified_gmt":"2025-10-27T21:13:31","slug":"nyckelring-burk-med-lampa","status":"publish","type":"product","link":"https:\/\/www.atta45.se\/e-butik\/produkt\/nyckelring-burk-med-lampa\/","title":{"rendered":"Nyckelring, burk med lampa"},"content":{"rendered":"<p>Nyckelring i burkform av plast med lampa. Papperslappen p\u00e5 insidan av burken kan bytas ut \/ skrivas p\u00e5. Lampan t\u00e4ndes med knappen i botten. Batterier ing\u00e5r.<\/p>\n","protected":false},"excerpt":{"rendered":"<p>Nyckelring i burkform av plast med lampa. Papperslappen p\u00e5 insidan av burken kan bytas ut \/ skrivas p\u00e5. Lampan t\u00e4ndes med knappen i botten. Batterier ing\u00e5r.<\/p>\n","protected":false},"featured_media":102801,"template":"","meta":{"_acf_changed":false,"_seopress_robots_primary_cat":"","_seopress_titles_title":"","_seopress_titles_desc":"","_seopress_robots_index":""},"product_brand":[],"product_cat":[15],"product_tag":[],"class_list":{"0":"post-102800","1":"product","2":"type-product","3":"status-publish","4":"has-post-thumbnail","6":"product_cat-okategoriserad","7":"atta45_taxonomy-tema-inspiration-ogonblick-arbete-pagar-sv","8":"atta45_taxonomy-reflexer-verktyg-sakerhet-lampor-sv","9":"atta45_taxonomy-praktiska-ting-nyckelringar-med-lampor-sv","10":"atta45_taxonomy-praktiska-ting-nyckelringar-utan-lampor-sv","11":"atta45_taxonomy-tema-inspiration-sv","13":"first","14":"instock","15":"taxable","16":"shipping-taxable","17":"purchasable","18":"product-type-variable"},"acf":[],"_links":{"self":[{"href":"https:\/\/www.atta45.se\/e-butik\/wp-json\/wp\/v2\/product\/102800","targetHints":{"allow":["GET"]}}],"collection":[{"href":"https:\/\/www.atta45.se\/e-butik\/wp-json\/wp\/v2\/product"}],"about":[{"href":"https:\/\/www.atta45.se\/e-butik\/wp-json\/wp\/v2\/types\/product"}],"wp:featuredmedia":[{"embeddable":true,"href":"https:\/\/www.atta45.se\/e-butik\/wp-json\/wp\/v2\/media\/102801"}],"wp:attachment":[{"href":"https:\/\/www.atta45.se\/e-butik\/wp-json\/wp\/v2\/media?parent=102800"}],"wp:term":[{"taxonomy":"product_brand","embeddable":true,"href":"https:\/\/www.atta45.se\/e-butik\/wp-json\/wp\/v2\/product_brand?post=102800"},{"taxonomy":"product_cat","embeddable":true,"href":"https:\/\/www.atta45.se\/e-butik\/wp-json\/wp\/v2\/product_cat?post=102800"},{"taxonomy":"product_tag","embeddable":true,"href":"https:\/\/www.atta45.se\/e-butik\/wp-json\/wp\/v2\/product_tag?post=102800"}],"curies":[{"name":"wp","href":"https:\/\/api.w.org\/{rel}","templated":true}]}}