{"id":102704,"date":"2024-12-27T14:48:56","date_gmt":"2024-12-27T13:48:56","guid":{"rendered":"https:\/\/www.atta45.se\/e-butik\/produkt\/multifunktionell-ficklampa-i-metall\/"},"modified":"2025-10-27T14:05:15","modified_gmt":"2025-10-27T13:05:15","slug":"multifunktionell-ficklampa-i-metall","status":"publish","type":"product","link":"https:\/\/www.atta45.se\/e-butik\/produkt\/multifunktionell-ficklampa-i-metall\/","title":{"rendered":"Ficklampa multifunktionell i metall Amayah"},"content":{"rendered":"<p>Multifunktionell ficklampa i metall med kniv f\u00f6r s\u00e4kerhetsb\u00e4lte, n\u00f6dhammare och s\u00e4kerhetslampa. Fickkniv i botten. Batterier ing\u00e5r.<\/p>\n","protected":false},"excerpt":{"rendered":"<p>Multifunktionell ficklampa i metall med kniv f\u00f6r s\u00e4kerhetsb\u00e4lte, n\u00f6dhammare och s\u00e4kerhetslampa. Fickkniv i botten. Batterier ing\u00e5r.<\/p>\n","protected":false},"featured_media":102705,"template":"","meta":{"_acf_changed":false,"_seopress_robots_primary_cat":"","_seopress_titles_title":"","_seopress_titles_desc":"","_seopress_robots_index":""},"product_brand":[],"product_cat":[15],"product_tag":[],"class_list":{"0":"post-102704","1":"product","2":"type-product","3":"status-publish","4":"has-post-thumbnail","6":"product_cat-okategoriserad","7":"atta45_taxonomy-tema-inspiration-ogonblick-arbete-pagar-sv","8":"atta45_taxonomy-tema-inspiration-branscher-sv","9":"atta45_taxonomy-tema-inspiration-branscher-konstruktion-sv","10":"atta45_taxonomy-reflexer-verktyg-sakerhet-lampor-sv","11":"atta45_taxonomy-praktiska-ting-lampor-sv","12":"atta45_taxonomy-tema-inspiration-sv","14":"first","15":"instock","16":"taxable","17":"shipping-taxable","18":"purchasable","19":"product-type-variable"},"acf":[],"_links":{"self":[{"href":"https:\/\/www.atta45.se\/e-butik\/wp-json\/wp\/v2\/product\/102704","targetHints":{"allow":["GET"]}}],"collection":[{"href":"https:\/\/www.atta45.se\/e-butik\/wp-json\/wp\/v2\/product"}],"about":[{"href":"https:\/\/www.atta45.se\/e-butik\/wp-json\/wp\/v2\/types\/product"}],"wp:featuredmedia":[{"embeddable":true,"href":"https:\/\/www.atta45.se\/e-butik\/wp-json\/wp\/v2\/media\/102705"}],"wp:attachment":[{"href":"https:\/\/www.atta45.se\/e-butik\/wp-json\/wp\/v2\/media?parent=102704"}],"wp:term":[{"taxonomy":"product_brand","embeddable":true,"href":"https:\/\/www.atta45.se\/e-butik\/wp-json\/wp\/v2\/product_brand?post=102704"},{"taxonomy":"product_cat","embeddable":true,"href":"https:\/\/www.atta45.se\/e-butik\/wp-json\/wp\/v2\/product_cat?post=102704"},{"taxonomy":"product_tag","embeddable":true,"href":"https:\/\/www.atta45.se\/e-butik\/wp-json\/wp\/v2\/product_tag?post=102704"}],"curies":[{"name":"wp","href":"https:\/\/api.w.org\/{rel}","templated":true}]}}