{"id":102688,"date":"2024-12-27T14:48:38","date_gmt":"2024-12-27T13:48:38","guid":{"rendered":"https:\/\/www.atta45.se\/e-butik\/produkt\/ficklampa-med-14-led-lampor\/"},"modified":"2025-10-27T23:12:55","modified_gmt":"2025-10-27T22:12:55","slug":"ficklampa-med-14-led-lampor","status":"publish","type":"product","link":"https:\/\/www.atta45.se\/e-butik\/produkt\/ficklampa-med-14-led-lampor\/","title":{"rendered":"Ficklampa, i aluminium, med 14 LED-lampor, Romeo"},"content":{"rendered":"<p>LED-ficklampa i svartlackad metall, med 14 dioder. Ger ett kraftfullt sken trots en begr\u00e4nsad storlek. G\u00f6r sig v\u00e4ldigt bra med en gravyr. Levereras i presentf\u00f6rpackning. Batterier medf\u00f6ljer.<\/p>\n","protected":false},"excerpt":{"rendered":"<p>LED-ficklampa i svartlackad metall, med 14 dioder. Ger ett kraftfullt sken trots en begr\u00e4nsad storlek. G\u00f6r sig v\u00e4ldigt bra med en gravyr. Levereras i presentf\u00f6rpackning. Batterier medf\u00f6ljer.<\/p>\n","protected":false},"featured_media":102689,"template":"","meta":{"_acf_changed":false,"_seopress_robots_primary_cat":"","_seopress_titles_title":"","_seopress_titles_desc":"","_seopress_robots_index":""},"product_brand":[],"product_cat":[15],"product_tag":[],"class_list":{"0":"post-102688","1":"product","2":"type-product","3":"status-publish","4":"has-post-thumbnail","6":"product_cat-okategoriserad","7":"atta45_taxonomy-tema-inspiration-ogonblick-arbete-pagar-sv","8":"atta45_taxonomy-reflexer-verktyg-sakerhet-lampor-sv","9":"atta45_taxonomy-praktiska-ting-lampor-sv","10":"atta45_taxonomy-tema-inspiration-sasong-sv","11":"atta45_taxonomy-tema-inspiration-sv","12":"atta45_taxonomy-tema-inspiration-sasong-vinter-sv","14":"first","15":"instock","16":"taxable","17":"shipping-taxable","18":"purchasable","19":"product-type-variable"},"acf":[],"_links":{"self":[{"href":"https:\/\/www.atta45.se\/e-butik\/wp-json\/wp\/v2\/product\/102688","targetHints":{"allow":["GET"]}}],"collection":[{"href":"https:\/\/www.atta45.se\/e-butik\/wp-json\/wp\/v2\/product"}],"about":[{"href":"https:\/\/www.atta45.se\/e-butik\/wp-json\/wp\/v2\/types\/product"}],"wp:featuredmedia":[{"embeddable":true,"href":"https:\/\/www.atta45.se\/e-butik\/wp-json\/wp\/v2\/media\/102689"}],"wp:attachment":[{"href":"https:\/\/www.atta45.se\/e-butik\/wp-json\/wp\/v2\/media?parent=102688"}],"wp:term":[{"taxonomy":"product_brand","embeddable":true,"href":"https:\/\/www.atta45.se\/e-butik\/wp-json\/wp\/v2\/product_brand?post=102688"},{"taxonomy":"product_cat","embeddable":true,"href":"https:\/\/www.atta45.se\/e-butik\/wp-json\/wp\/v2\/product_cat?post=102688"},{"taxonomy":"product_tag","embeddable":true,"href":"https:\/\/www.atta45.se\/e-butik\/wp-json\/wp\/v2\/product_tag?post=102688"}],"curies":[{"name":"wp","href":"https:\/\/api.w.org\/{rel}","templated":true}]}}