{"id":102662,"date":"2024-12-27T14:48:10","date_gmt":"2024-12-27T13:48:10","guid":{"rendered":"https:\/\/www.atta45.se\/e-butik\/produkt\/pannlampa-med-5-led-lampor\/"},"modified":"2025-10-27T23:10:19","modified_gmt":"2025-10-27T22:10:19","slug":"pannlampa-med-5-led-lampor","status":"publish","type":"product","link":"https:\/\/www.atta45.se\/e-butik\/produkt\/pannlampa-med-5-led-lampor\/","title":{"rendered":"Pannlampa, med 5 LED-lampor, Kylie"},"content":{"rendered":"<p>LED pannlampa med 5 dioder. F\u00f6rutom fast sken s\u00e5 kan den st\u00e4llas p\u00e5 blink. Blinkfunktionen g\u00f6r att du syns v\u00e4l vid v\u00e4gkanten eller liknande. Lamphuset kan kopplas loss och har en magnet p\u00e5 baksidan f\u00f6r att kunna f\u00e4stas fritt p\u00e5 metall. Batterier medf\u00f6ljer. 60 lumen<\/p>\n","protected":false},"excerpt":{"rendered":"<p>LED pannlampa med 5 dioder. F\u00f6rutom fast sken s\u00e5 kan den st\u00e4llas p\u00e5 blink. Blinkfunktionen g\u00f6r att du syns v\u00e4l vid v\u00e4gkanten eller liknande. Lamphuset kan kopplas loss och har en magnet p\u00e5 baksidan f\u00f6r att kunna f\u00e4stas fritt p\u00e5 metall. Batterier medf\u00f6ljer. 60 lumen<\/p>\n","protected":false},"featured_media":102663,"template":"","meta":{"_acf_changed":false,"_seopress_robots_primary_cat":"","_seopress_titles_title":"","_seopress_titles_desc":"","_seopress_robots_index":""},"product_brand":[],"product_cat":[15],"product_tag":[],"class_list":{"0":"post-102662","1":"product","2":"type-product","3":"status-publish","4":"has-post-thumbnail","6":"product_cat-okategoriserad","7":"atta45_taxonomy-tema-inspiration-ogonblick-arbete-pagar-sv","8":"atta45_taxonomy-tema-inspiration-branscher-sv","9":"atta45_taxonomy-tema-inspiration-branscher-konstruktion-sv","10":"atta45_taxonomy-reflexer-verktyg-sakerhet-lampor-sv","11":"atta45_taxonomy-praktiska-ting-lampor-sv","12":"atta45_taxonomy-tema-inspiration-sv","14":"first","15":"instock","16":"taxable","17":"shipping-taxable","18":"purchasable","19":"product-type-variable"},"acf":[],"_links":{"self":[{"href":"https:\/\/www.atta45.se\/e-butik\/wp-json\/wp\/v2\/product\/102662","targetHints":{"allow":["GET"]}}],"collection":[{"href":"https:\/\/www.atta45.se\/e-butik\/wp-json\/wp\/v2\/product"}],"about":[{"href":"https:\/\/www.atta45.se\/e-butik\/wp-json\/wp\/v2\/types\/product"}],"wp:featuredmedia":[{"embeddable":true,"href":"https:\/\/www.atta45.se\/e-butik\/wp-json\/wp\/v2\/media\/102663"}],"wp:attachment":[{"href":"https:\/\/www.atta45.se\/e-butik\/wp-json\/wp\/v2\/media?parent=102662"}],"wp:term":[{"taxonomy":"product_brand","embeddable":true,"href":"https:\/\/www.atta45.se\/e-butik\/wp-json\/wp\/v2\/product_brand?post=102662"},{"taxonomy":"product_cat","embeddable":true,"href":"https:\/\/www.atta45.se\/e-butik\/wp-json\/wp\/v2\/product_cat?post=102662"},{"taxonomy":"product_tag","embeddable":true,"href":"https:\/\/www.atta45.se\/e-butik\/wp-json\/wp\/v2\/product_tag?post=102662"}],"curies":[{"name":"wp","href":"https:\/\/api.w.org\/{rel}","templated":true}]}}