{"id":102495,"date":"2024-12-27T14:42:37","date_gmt":"2024-12-27T13:42:37","guid":{"rendered":"https:\/\/www.atta45.se\/e-butik\/produkt\/ryggsack-i-rpet-filt-avery\/"},"modified":"2025-10-27T16:53:41","modified_gmt":"2025-10-27T15:53:41","slug":"ryggsack-i-rpet-filt-avery","status":"publish","type":"product","link":"https:\/\/www.atta45.se\/e-butik\/produkt\/ryggsack-i-rpet-filt-avery\/","title":{"rendered":"Ryggs\u00e4ck i RPET filt Avery"},"content":{"rendered":"<p>Ryggs\u00e4ck i RPET filt med detaljer i PU. Ett stort huvudfack samt en mindre ficka p\u00e5 framsidan. V\u00e4skan st\u00e4ngs med tv\u00e5 sp\u00e4nnen.<\/p>\n","protected":false},"excerpt":{"rendered":"<p>Ryggs\u00e4ck i RPET filt med detaljer i PU. Ett stort huvudfack samt en mindre ficka p\u00e5 framsidan. V\u00e4skan st\u00e4ngs med tv\u00e5 sp\u00e4nnen.<\/p>\n","protected":false},"featured_media":102496,"template":"","meta":{"_acf_changed":false,"_seopress_robots_primary_cat":"","_seopress_titles_title":"","_seopress_titles_desc":"","_seopress_robots_index":""},"product_brand":[],"product_cat":[15],"product_tag":[],"class_list":{"0":"post-102495","1":"product","2":"type-product","3":"status-publish","4":"has-post-thumbnail","6":"product_cat-okategoriserad","7":"atta45_taxonomy-tema-inspiration-grona-intryck-eko-vaskor-sv","8":"atta45_taxonomy-tema-inspiration-grona-intryck-sv","9":"atta45_taxonomy-tema-inspiration-speciella-trycktekniker-name-it-sv","10":"atta45_taxonomy-vaskor-resetillbehor-ryggsackar-sv","11":"atta45_taxonomy-vaskor-resetillbehor-ryggsackar-axelremsvaskor-sv","12":"atta45_taxonomy-textil-vaskor-bagar-sv","13":"atta45_taxonomy-vaskor-resetillbehor-sv","15":"first","16":"instock","17":"taxable","18":"shipping-taxable","19":"purchasable","20":"product-type-variable"},"acf":[],"_links":{"self":[{"href":"https:\/\/www.atta45.se\/e-butik\/wp-json\/wp\/v2\/product\/102495","targetHints":{"allow":["GET"]}}],"collection":[{"href":"https:\/\/www.atta45.se\/e-butik\/wp-json\/wp\/v2\/product"}],"about":[{"href":"https:\/\/www.atta45.se\/e-butik\/wp-json\/wp\/v2\/types\/product"}],"wp:featuredmedia":[{"embeddable":true,"href":"https:\/\/www.atta45.se\/e-butik\/wp-json\/wp\/v2\/media\/102496"}],"wp:attachment":[{"href":"https:\/\/www.atta45.se\/e-butik\/wp-json\/wp\/v2\/media?parent=102495"}],"wp:term":[{"taxonomy":"product_brand","embeddable":true,"href":"https:\/\/www.atta45.se\/e-butik\/wp-json\/wp\/v2\/product_brand?post=102495"},{"taxonomy":"product_cat","embeddable":true,"href":"https:\/\/www.atta45.se\/e-butik\/wp-json\/wp\/v2\/product_cat?post=102495"},{"taxonomy":"product_tag","embeddable":true,"href":"https:\/\/www.atta45.se\/e-butik\/wp-json\/wp\/v2\/product_tag?post=102495"}],"curies":[{"name":"wp","href":"https:\/\/api.w.org\/{rel}","templated":true}]}}