{"id":102403,"date":"2024-12-27T14:41:05","date_gmt":"2024-12-27T13:41:05","guid":{"rendered":"https:\/\/www.atta45.se\/e-butik\/produkt\/midjevaska-i-polyester-300d\/"},"modified":"2025-10-27T16:24:09","modified_gmt":"2025-10-27T15:24:09","slug":"midjevaska-i-polyester-300d","status":"publish","type":"product","link":"https:\/\/www.atta45.se\/e-butik\/produkt\/midjevaska-i-polyester-300d\/","title":{"rendered":"Midjev\u00e4ska i polyester (300D)"},"content":{"rendered":"<p>Midjev\u00e4ska i polyester (600D) med justerbart band. V\u00e4skan st\u00e4ngs med dragkedja. Har \u00e4ven framficka med dragkedja.<\/p>\n","protected":false},"excerpt":{"rendered":"<p>Midjev\u00e4ska i polyester (600D) med justerbart band. V\u00e4skan st\u00e4ngs med dragkedja. Har \u00e4ven framficka med dragkedja.<\/p>\n","protected":false},"featured_media":102404,"template":"","meta":{"_acf_changed":false,"_seopress_robots_primary_cat":"","_seopress_titles_title":"","_seopress_titles_desc":"","_seopress_robots_index":""},"product_brand":[],"product_cat":[15],"product_tag":[],"class_list":{"0":"post-102403","1":"product","2":"type-product","3":"status-publish","4":"has-post-thumbnail","6":"product_cat-okategoriserad","7":"atta45_taxonomy-vaskor-resetillbehor-midjevaska-sv","8":"atta45_taxonomy-vaskor-resetillbehor-sv","10":"first","11":"instock","12":"taxable","13":"shipping-taxable","14":"purchasable","15":"product-type-variable"},"acf":[],"_links":{"self":[{"href":"https:\/\/www.atta45.se\/e-butik\/wp-json\/wp\/v2\/product\/102403","targetHints":{"allow":["GET"]}}],"collection":[{"href":"https:\/\/www.atta45.se\/e-butik\/wp-json\/wp\/v2\/product"}],"about":[{"href":"https:\/\/www.atta45.se\/e-butik\/wp-json\/wp\/v2\/types\/product"}],"wp:featuredmedia":[{"embeddable":true,"href":"https:\/\/www.atta45.se\/e-butik\/wp-json\/wp\/v2\/media\/102404"}],"wp:attachment":[{"href":"https:\/\/www.atta45.se\/e-butik\/wp-json\/wp\/v2\/media?parent=102403"}],"wp:term":[{"taxonomy":"product_brand","embeddable":true,"href":"https:\/\/www.atta45.se\/e-butik\/wp-json\/wp\/v2\/product_brand?post=102403"},{"taxonomy":"product_cat","embeddable":true,"href":"https:\/\/www.atta45.se\/e-butik\/wp-json\/wp\/v2\/product_cat?post=102403"},{"taxonomy":"product_tag","embeddable":true,"href":"https:\/\/www.atta45.se\/e-butik\/wp-json\/wp\/v2\/product_tag?post=102403"}],"curies":[{"name":"wp","href":"https:\/\/api.w.org\/{rel}","templated":true}]}}