{"id":102265,"date":"2024-12-27T14:37:47","date_gmt":"2024-12-27T13:37:47","guid":{"rendered":"https:\/\/www.atta45.se\/e-butik\/produkt\/ryggsack-i-polyester-300d-210d-med-lampa-katarina\/"},"modified":"2025-10-27T15:50:04","modified_gmt":"2025-10-27T14:50:04","slug":"ryggsack-i-polyester-300d-210d-med-lampa-katarina","status":"publish","type":"product","link":"https:\/\/www.atta45.se\/e-butik\/produkt\/ryggsack-i-polyester-300d-210d-med-lampa-katarina\/","title":{"rendered":"Ryggs\u00e4ck i polyester (300D + 210D) med lampa Katarina"},"content":{"rendered":"<p>Melerad ryggs\u00e4ck i polyester (300D + 210D) med reglerbara och vadderade remmar samt vadderad rygg. Stort huvudfack, framficka och sidoficka i n\u00e4t. Ryggs\u00e4cken har en COB-lampa med tv\u00e5 l\u00e4gen; vitt och blinkande r\u00f6tt. Batterier ing\u00e5r.<\/p>\n","protected":false},"excerpt":{"rendered":"<p>Melerad ryggs\u00e4ck i polyester (300D + 210D) med reglerbara och vadderade remmar samt vadderad rygg. Stort huvudfack, framficka och sidoficka i n\u00e4t. Ryggs\u00e4cken har en COB-lampa med tv\u00e5 l\u00e4gen; vitt och blinkande r\u00f6tt. Batterier ing\u00e5r.<\/p>\n","protected":false},"featured_media":102266,"template":"","meta":{"_acf_changed":false,"_seopress_robots_primary_cat":"","_seopress_titles_title":"","_seopress_titles_desc":"","_seopress_robots_index":""},"product_brand":[],"product_cat":[15],"product_tag":[],"class_list":{"0":"post-102265","1":"product","2":"type-product","3":"status-publish","4":"has-post-thumbnail","6":"product_cat-okategoriserad","7":"atta45_taxonomy-vaskor-resetillbehor-ryggsackar-sv","8":"atta45_taxonomy-vaskor-resetillbehor-ryggsackar-axelremsvaskor-sv","9":"atta45_taxonomy-textil-vaskor-bagar-sv","10":"atta45_taxonomy-vaskor-resetillbehor-sv","12":"first","13":"instock","14":"taxable","15":"shipping-taxable","16":"purchasable","17":"product-type-variable"},"acf":[],"_links":{"self":[{"href":"https:\/\/www.atta45.se\/e-butik\/wp-json\/wp\/v2\/product\/102265","targetHints":{"allow":["GET"]}}],"collection":[{"href":"https:\/\/www.atta45.se\/e-butik\/wp-json\/wp\/v2\/product"}],"about":[{"href":"https:\/\/www.atta45.se\/e-butik\/wp-json\/wp\/v2\/types\/product"}],"wp:featuredmedia":[{"embeddable":true,"href":"https:\/\/www.atta45.se\/e-butik\/wp-json\/wp\/v2\/media\/102266"}],"wp:attachment":[{"href":"https:\/\/www.atta45.se\/e-butik\/wp-json\/wp\/v2\/media?parent=102265"}],"wp:term":[{"taxonomy":"product_brand","embeddable":true,"href":"https:\/\/www.atta45.se\/e-butik\/wp-json\/wp\/v2\/product_brand?post=102265"},{"taxonomy":"product_cat","embeddable":true,"href":"https:\/\/www.atta45.se\/e-butik\/wp-json\/wp\/v2\/product_cat?post=102265"},{"taxonomy":"product_tag","embeddable":true,"href":"https:\/\/www.atta45.se\/e-butik\/wp-json\/wp\/v2\/product_tag?post=102265"}],"curies":[{"name":"wp","href":"https:\/\/api.w.org\/{rel}","templated":true}]}}