{"id":102225,"date":"2024-12-27T14:36:59","date_gmt":"2024-12-27T13:36:59","guid":{"rendered":"https:\/\/www.atta45.se\/e-butik\/produkt\/rfid-kreditkortsplanbok-logan\/"},"modified":"2025-10-27T14:36:11","modified_gmt":"2025-10-27T13:36:11","slug":"rfid-kreditkortsplanbok-logan","status":"publish","type":"product","link":"https:\/\/www.atta45.se\/e-butik\/produkt\/rfid-kreditkortsplanbok-logan\/","title":{"rendered":"Kreditkortspl\u00e5nbok RFID Logan"},"content":{"rendered":"<p>L\u00e4der (getl\u00e4der) RFID (anti-skimming) kreditkortspl\u00e5nbok med tre fickor p\u00e5 varje sida f\u00f6r kort och ett huvudfack.<\/p>\n","protected":false},"excerpt":{"rendered":"<p>L\u00e4der (getl\u00e4der) RFID (anti-skimming) kreditkortspl\u00e5nbok med tre fickor p\u00e5 varje sida f\u00f6r kort och ett huvudfack.<\/p>\n","protected":false},"featured_media":102226,"template":"","meta":{"_acf_changed":false,"_seopress_robots_primary_cat":"","_seopress_titles_title":"","_seopress_titles_desc":"","_seopress_robots_index":""},"product_brand":[],"product_cat":[15],"product_tag":[],"class_list":{"0":"post-102225","1":"product","2":"type-product","3":"status-publish","4":"has-post-thumbnail","6":"product_cat-okategoriserad","7":"atta45_taxonomy-tema-inspiration-ogonblick-framtiden-ar-din-sv","8":"atta45_taxonomy-praktiska-ting-planbocker-sv","9":"atta45_taxonomy-vaskor-resetillbehor-researtiklar-sv","10":"atta45_taxonomy-tema-inspiration-sv","11":"atta45_taxonomy-vaskor-resetillbehor-sv","12":"atta45_taxonomy-elektronik-kontor-visitkortsfodral-sv","14":"first","15":"instock","16":"taxable","17":"shipping-taxable","18":"purchasable","19":"product-type-variable"},"acf":[],"_links":{"self":[{"href":"https:\/\/www.atta45.se\/e-butik\/wp-json\/wp\/v2\/product\/102225","targetHints":{"allow":["GET"]}}],"collection":[{"href":"https:\/\/www.atta45.se\/e-butik\/wp-json\/wp\/v2\/product"}],"about":[{"href":"https:\/\/www.atta45.se\/e-butik\/wp-json\/wp\/v2\/types\/product"}],"wp:featuredmedia":[{"embeddable":true,"href":"https:\/\/www.atta45.se\/e-butik\/wp-json\/wp\/v2\/media\/102226"}],"wp:attachment":[{"href":"https:\/\/www.atta45.se\/e-butik\/wp-json\/wp\/v2\/media?parent=102225"}],"wp:term":[{"taxonomy":"product_brand","embeddable":true,"href":"https:\/\/www.atta45.se\/e-butik\/wp-json\/wp\/v2\/product_brand?post=102225"},{"taxonomy":"product_cat","embeddable":true,"href":"https:\/\/www.atta45.se\/e-butik\/wp-json\/wp\/v2\/product_cat?post=102225"},{"taxonomy":"product_tag","embeddable":true,"href":"https:\/\/www.atta45.se\/e-butik\/wp-json\/wp\/v2\/product_tag?post=102225"}],"curies":[{"name":"wp","href":"https:\/\/api.w.org\/{rel}","templated":true}]}}