{"id":102185,"date":"2024-12-27T14:36:05","date_gmt":"2024-12-27T13:36:05","guid":{"rendered":"https:\/\/www.atta45.se\/e-butik\/produkt\/petg-resekit\/"},"modified":"2025-10-27T14:05:44","modified_gmt":"2025-10-27T13:05:44","slug":"petg-resekit","status":"publish","type":"product","link":"https:\/\/www.atta45.se\/e-butik\/produkt\/petg-resekit\/","title":{"rendered":"Resekit PETG Dolores"},"content":{"rendered":"<p>PETG resekit som inneh\u00e5ller tv\u00e5 100 ml flaskor, tv\u00e5 50 ml flaskor, tv\u00e5 10 ml burkar och en liten spatel.<\/p>\n","protected":false},"excerpt":{"rendered":"<p>PETG resekit som inneh\u00e5ller tv\u00e5 100 ml flaskor, tv\u00e5 50 ml flaskor, tv\u00e5 10 ml burkar och en liten spatel.<\/p>\n","protected":false},"featured_media":102186,"template":"","meta":{"_acf_changed":false,"_seopress_robots_primary_cat":"","_seopress_titles_title":"","_seopress_titles_desc":"","_seopress_robots_index":""},"product_brand":[],"product_cat":[15],"product_tag":[],"class_list":{"0":"post-102185","1":"product","2":"type-product","3":"status-publish","4":"has-post-thumbnail","6":"product_cat-okategoriserad","7":"atta45_taxonomy-vaskor-resetillbehor-researtiklar-sv","8":"atta45_taxonomy-tema-inspiration-ogonblick-sommargladje-sv","9":"atta45_taxonomy-tema-inspiration-sv","10":"atta45_taxonomy-vaskor-resetillbehor-sv","12":"first","13":"instock","14":"taxable","15":"shipping-taxable","16":"purchasable","17":"product-type-variable"},"acf":[],"_links":{"self":[{"href":"https:\/\/www.atta45.se\/e-butik\/wp-json\/wp\/v2\/product\/102185","targetHints":{"allow":["GET"]}}],"collection":[{"href":"https:\/\/www.atta45.se\/e-butik\/wp-json\/wp\/v2\/product"}],"about":[{"href":"https:\/\/www.atta45.se\/e-butik\/wp-json\/wp\/v2\/types\/product"}],"wp:featuredmedia":[{"embeddable":true,"href":"https:\/\/www.atta45.se\/e-butik\/wp-json\/wp\/v2\/media\/102186"}],"wp:attachment":[{"href":"https:\/\/www.atta45.se\/e-butik\/wp-json\/wp\/v2\/media?parent=102185"}],"wp:term":[{"taxonomy":"product_brand","embeddable":true,"href":"https:\/\/www.atta45.se\/e-butik\/wp-json\/wp\/v2\/product_brand?post=102185"},{"taxonomy":"product_cat","embeddable":true,"href":"https:\/\/www.atta45.se\/e-butik\/wp-json\/wp\/v2\/product_cat?post=102185"},{"taxonomy":"product_tag","embeddable":true,"href":"https:\/\/www.atta45.se\/e-butik\/wp-json\/wp\/v2\/product_tag?post=102185"}],"curies":[{"name":"wp","href":"https:\/\/api.w.org\/{rel}","templated":true}]}}