{"id":102135,"date":"2024-12-27T14:35:19","date_gmt":"2024-12-27T13:35:19","guid":{"rendered":"https:\/\/www.atta45.se\/e-butik\/produkt\/2-i-1-resekudde-och-nackstod\/"},"modified":"2025-10-28T00:21:46","modified_gmt":"2025-10-27T23:21:46","slug":"2-i-1-resekudde-och-nackstod","status":"publish","type":"product","link":"https:\/\/www.atta45.se\/e-butik\/produkt\/2-i-1-resekudde-och-nackstod\/","title":{"rendered":"Resekudde, i mocka Fletcher"},"content":{"rendered":"<p>2-i-1 resekudde med stoppning av sm\u00e5 p\u00e4rlor i polyskum. Kudden omvandlas till en rund nackkudde genom att \u00f6ppna dragkedjan. Med supermjuk mockaliknande yta.<\/p>\n","protected":false},"excerpt":{"rendered":"<p>2-i-1 resekudde med stoppning av sm\u00e5 p\u00e4rlor i polyskum. Kudden omvandlas till en rund nackkudde genom att \u00f6ppna dragkedjan. Med supermjuk mockaliknande yta.<\/p>\n","protected":false},"featured_media":102136,"template":"","meta":{"_acf_changed":false,"_seopress_robots_primary_cat":"","_seopress_titles_title":"","_seopress_titles_desc":"","_seopress_robots_index":""},"product_brand":[],"product_cat":[15],"product_tag":[],"class_list":{"0":"post-102135","1":"product","2":"type-product","3":"status-publish","4":"has-post-thumbnail","6":"product_cat-okategoriserad","7":"atta45_taxonomy-vaskor-resetillbehor-researtiklar-sv","8":"atta45_taxonomy-tema-inspiration-ogonblick-sommargladje-sv","9":"atta45_taxonomy-tema-inspiration-sv","10":"atta45_taxonomy-vaskor-resetillbehor-sv","12":"first","13":"instock","14":"taxable","15":"shipping-taxable","16":"purchasable","17":"product-type-variable"},"acf":[],"_links":{"self":[{"href":"https:\/\/www.atta45.se\/e-butik\/wp-json\/wp\/v2\/product\/102135","targetHints":{"allow":["GET"]}}],"collection":[{"href":"https:\/\/www.atta45.se\/e-butik\/wp-json\/wp\/v2\/product"}],"about":[{"href":"https:\/\/www.atta45.se\/e-butik\/wp-json\/wp\/v2\/types\/product"}],"wp:featuredmedia":[{"embeddable":true,"href":"https:\/\/www.atta45.se\/e-butik\/wp-json\/wp\/v2\/media\/102136"}],"wp:attachment":[{"href":"https:\/\/www.atta45.se\/e-butik\/wp-json\/wp\/v2\/media?parent=102135"}],"wp:term":[{"taxonomy":"product_brand","embeddable":true,"href":"https:\/\/www.atta45.se\/e-butik\/wp-json\/wp\/v2\/product_brand?post=102135"},{"taxonomy":"product_cat","embeddable":true,"href":"https:\/\/www.atta45.se\/e-butik\/wp-json\/wp\/v2\/product_cat?post=102135"},{"taxonomy":"product_tag","embeddable":true,"href":"https:\/\/www.atta45.se\/e-butik\/wp-json\/wp\/v2\/product_tag?post=102135"}],"curies":[{"name":"wp","href":"https:\/\/api.w.org\/{rel}","templated":true}]}}