{"id":102041,"date":"2024-12-27T14:34:05","date_gmt":"2024-12-27T13:34:05","guid":{"rendered":"https:\/\/www.atta45.se\/e-butik\/produkt\/gympapase-ryggsack-i-polyester-210d\/"},"modified":"2025-10-27T23:56:38","modified_gmt":"2025-10-27T22:56:38","slug":"gympapase-ryggsack-i-polyester-210d","status":"publish","type":"product","link":"https:\/\/www.atta45.se\/e-butik\/produkt\/gympapase-ryggsack-i-polyester-210d\/","title":{"rendered":"Gympap\u00e5se\/ryggs\u00e4ck i polyester (210D) Steffi"},"content":{"rendered":"<p>Gympap\u00e5se \/ Ryggs\u00e4ck i polyester (210D) med f\u00f6rst\u00e4rkta h\u00f6rn och band i nylon.<\/p>\n","protected":false},"excerpt":{"rendered":"<p>Gympap\u00e5se \/ Ryggs\u00e4ck i polyester (210D) med f\u00f6rst\u00e4rkta h\u00f6rn och band i nylon.<\/p>\n","protected":false},"featured_media":102042,"template":"","meta":{"_acf_changed":false,"_seopress_robots_primary_cat":"","_seopress_titles_title":"","_seopress_titles_desc":"","_seopress_robots_index":""},"product_brand":[],"product_cat":[15],"product_tag":[],"class_list":{"0":"post-102041","1":"product","2":"type-product","3":"status-publish","4":"has-post-thumbnail","6":"product_cat-okategoriserad","7":"atta45_taxonomy-tema-inspiration-branscher-sv","8":"atta45_taxonomy-tema-inspiration-ogonblick-fargglad-lycka-sv","9":"atta45_taxonomy-vaskor-resetillbehor-ryggsackar-sv","10":"atta45_taxonomy-vaskor-resetillbehor-ryggsackar-axelremsvaskor-sv","11":"atta45_taxonomy-tema-inspiration-utvalda-produkter-snabbleverans-sv","12":"atta45_taxonomy-vaskor-resetillbehor-sport-resvaskor-sv","13":"atta45_taxonomy-tema-inspiration-sv","14":"atta45_taxonomy-tema-inspiration-branscher-utbildning-sv","15":"atta45_taxonomy-textil-vaskor-bagar-sv","16":"atta45_taxonomy-vaskor-resetillbehor-sv","18":"first","19":"instock","20":"taxable","21":"shipping-taxable","22":"purchasable","23":"product-type-variable"},"acf":[],"_links":{"self":[{"href":"https:\/\/www.atta45.se\/e-butik\/wp-json\/wp\/v2\/product\/102041","targetHints":{"allow":["GET"]}}],"collection":[{"href":"https:\/\/www.atta45.se\/e-butik\/wp-json\/wp\/v2\/product"}],"about":[{"href":"https:\/\/www.atta45.se\/e-butik\/wp-json\/wp\/v2\/types\/product"}],"wp:featuredmedia":[{"embeddable":true,"href":"https:\/\/www.atta45.se\/e-butik\/wp-json\/wp\/v2\/media\/102042"}],"wp:attachment":[{"href":"https:\/\/www.atta45.se\/e-butik\/wp-json\/wp\/v2\/media?parent=102041"}],"wp:term":[{"taxonomy":"product_brand","embeddable":true,"href":"https:\/\/www.atta45.se\/e-butik\/wp-json\/wp\/v2\/product_brand?post=102041"},{"taxonomy":"product_cat","embeddable":true,"href":"https:\/\/www.atta45.se\/e-butik\/wp-json\/wp\/v2\/product_cat?post=102041"},{"taxonomy":"product_tag","embeddable":true,"href":"https:\/\/www.atta45.se\/e-butik\/wp-json\/wp\/v2\/product_tag?post=102041"}],"curies":[{"name":"wp","href":"https:\/\/api.w.org\/{rel}","templated":true}]}}