{"id":102025,"date":"2024-12-27T14:33:48","date_gmt":"2024-12-27T13:33:48","guid":{"rendered":"https:\/\/www.atta45.se\/e-butik\/produkt\/resegarderob-i-peva-med-dragkedja\/"},"modified":"2025-10-27T23:39:06","modified_gmt":"2025-10-27T22:39:06","slug":"resegarderob-i-peva-med-dragkedja","status":"publish","type":"product","link":"https:\/\/www.atta45.se\/e-butik\/produkt\/resegarderob-i-peva-med-dragkedja\/","title":{"rendered":"Resegarderob i PEVA med dragkedja Mandy"},"content":{"rendered":"<p>Resegarderob i PEVA med dragkedja (ca 72 cm) och ett transparent f\u00f6nster p\u00e5 h\u00f6gra sidan (ca \u00f8 8 cm).<\/p>\n","protected":false},"excerpt":{"rendered":"<p>Resegarderob i PEVA med dragkedja (ca 72 cm) och ett transparent f\u00f6nster p\u00e5 h\u00f6gra sidan (ca \u00f8 8 cm).<\/p>\n","protected":false},"featured_media":102026,"template":"","meta":{"_acf_changed":false,"_seopress_robots_primary_cat":"","_seopress_titles_title":"","_seopress_titles_desc":"","_seopress_robots_index":""},"product_brand":[],"product_cat":[15],"product_tag":[],"class_list":{"0":"post-102025","1":"product","2":"type-product","3":"status-publish","4":"has-post-thumbnail","6":"product_cat-okategoriserad","7":"atta45_taxonomy-vaskor-resetillbehor-researtiklar-sv","8":"atta45_taxonomy-tema-inspiration-ogonblick-sommargladje-sv","9":"atta45_taxonomy-tema-inspiration-sv","10":"atta45_taxonomy-vaskor-resetillbehor-sv","12":"first","13":"instock","14":"taxable","15":"shipping-taxable","16":"purchasable","17":"product-type-variable"},"acf":[],"_links":{"self":[{"href":"https:\/\/www.atta45.se\/e-butik\/wp-json\/wp\/v2\/product\/102025","targetHints":{"allow":["GET"]}}],"collection":[{"href":"https:\/\/www.atta45.se\/e-butik\/wp-json\/wp\/v2\/product"}],"about":[{"href":"https:\/\/www.atta45.se\/e-butik\/wp-json\/wp\/v2\/types\/product"}],"wp:featuredmedia":[{"embeddable":true,"href":"https:\/\/www.atta45.se\/e-butik\/wp-json\/wp\/v2\/media\/102026"}],"wp:attachment":[{"href":"https:\/\/www.atta45.se\/e-butik\/wp-json\/wp\/v2\/media?parent=102025"}],"wp:term":[{"taxonomy":"product_brand","embeddable":true,"href":"https:\/\/www.atta45.se\/e-butik\/wp-json\/wp\/v2\/product_brand?post=102025"},{"taxonomy":"product_cat","embeddable":true,"href":"https:\/\/www.atta45.se\/e-butik\/wp-json\/wp\/v2\/product_cat?post=102025"},{"taxonomy":"product_tag","embeddable":true,"href":"https:\/\/www.atta45.se\/e-butik\/wp-json\/wp\/v2\/product_tag?post=102025"}],"curies":[{"name":"wp","href":"https:\/\/api.w.org\/{rel}","templated":true}]}}