{"id":101973,"date":"2024-12-27T14:32:25","date_gmt":"2024-12-27T13:32:25","guid":{"rendered":"https:\/\/www.atta45.se\/e-butik\/produkt\/necessar-med-krok-polyester-600d\/"},"modified":"2025-10-27T23:38:15","modified_gmt":"2025-10-27T22:38:15","slug":"necessar-med-krok-polyester-600d","status":"publish","type":"product","link":"https:\/\/www.atta45.se\/e-butik\/produkt\/necessar-med-krok-polyester-600d\/","title":{"rendered":"Necess\u00e4r polyester (600D) No\u00eblle"},"content":{"rendered":"<p>Rej\u00e4l necess\u00e4r i polyester (420D) med m\u00e5nga fack och galgekrok i metall f\u00f6r upph\u00e4ngning, stor \u00f6ppning med dragkedja.<\/p>\n","protected":false},"excerpt":{"rendered":"<p>Rej\u00e4l necess\u00e4r i polyester (420D) med m\u00e5nga fack och galgekrok i metall f\u00f6r upph\u00e4ngning, stor \u00f6ppning med dragkedja.<\/p>\n","protected":false},"featured_media":101974,"template":"","meta":{"_acf_changed":false,"_seopress_robots_primary_cat":"","_seopress_titles_title":"","_seopress_titles_desc":"","_seopress_robots_index":""},"product_brand":[],"product_cat":[15],"product_tag":[],"class_list":{"0":"post-101973","1":"product","2":"type-product","3":"status-publish","4":"has-post-thumbnail","6":"product_cat-okategoriserad","7":"atta45_taxonomy-textil-halsovard-och-valbefinnande-sv","8":"atta45_taxonomy-textil-hem-interior-sv","9":"atta45_taxonomy-vaskor-resetillbehor-sminkvaska-sv","10":"atta45_taxonomy-tema-inspiration-ogonblick-sommargladje-sv","11":"atta45_taxonomy-tema-inspiration-sv","12":"atta45_taxonomy-vaskor-resetillbehor-sv","14":"first","15":"instock","16":"taxable","17":"shipping-taxable","18":"purchasable","19":"product-type-variable"},"acf":[],"_links":{"self":[{"href":"https:\/\/www.atta45.se\/e-butik\/wp-json\/wp\/v2\/product\/101973","targetHints":{"allow":["GET"]}}],"collection":[{"href":"https:\/\/www.atta45.se\/e-butik\/wp-json\/wp\/v2\/product"}],"about":[{"href":"https:\/\/www.atta45.se\/e-butik\/wp-json\/wp\/v2\/types\/product"}],"wp:featuredmedia":[{"embeddable":true,"href":"https:\/\/www.atta45.se\/e-butik\/wp-json\/wp\/v2\/media\/101974"}],"wp:attachment":[{"href":"https:\/\/www.atta45.se\/e-butik\/wp-json\/wp\/v2\/media?parent=101973"}],"wp:term":[{"taxonomy":"product_brand","embeddable":true,"href":"https:\/\/www.atta45.se\/e-butik\/wp-json\/wp\/v2\/product_brand?post=101973"},{"taxonomy":"product_cat","embeddable":true,"href":"https:\/\/www.atta45.se\/e-butik\/wp-json\/wp\/v2\/product_cat?post=101973"},{"taxonomy":"product_tag","embeddable":true,"href":"https:\/\/www.atta45.se\/e-butik\/wp-json\/wp\/v2\/product_tag?post=101973"}],"curies":[{"name":"wp","href":"https:\/\/api.w.org\/{rel}","templated":true}]}}