{"id":101961,"date":"2024-12-27T14:32:10","date_gmt":"2024-12-27T13:32:10","guid":{"rendered":"https:\/\/www.atta45.se\/e-butik\/produkt\/necessar-i-polyester-600d-2\/"},"modified":"2025-10-27T23:37:12","modified_gmt":"2025-10-27T22:37:12","slug":"necessar-i-polyester-600d-2","status":"publish","type":"product","link":"https:\/\/www.atta45.se\/e-butik\/produkt\/necessar-i-polyester-600d-2\/","title":{"rendered":"Necess\u00e4r i polyester (600D) Calista"},"content":{"rendered":"<p>Necess\u00e4r i polyester (600D) med tv\u00e5 huvudfack och b\u00e4rhandtag.<\/p>\n","protected":false},"excerpt":{"rendered":"<p>Necess\u00e4r i polyester (600D) med tv\u00e5 huvudfack och b\u00e4rhandtag.<\/p>\n","protected":false},"featured_media":101962,"template":"","meta":{"_acf_changed":false,"_seopress_robots_primary_cat":"","_seopress_titles_title":"","_seopress_titles_desc":"","_seopress_robots_index":""},"product_brand":[],"product_cat":[15],"product_tag":[],"class_list":{"0":"post-101961","1":"product","2":"type-product","3":"status-publish","4":"has-post-thumbnail","6":"product_cat-okategoriserad","7":"atta45_taxonomy-textil-halsovard-och-valbefinnande-sv","8":"atta45_taxonomy-textil-hem-interior-sv","9":"atta45_taxonomy-vaskor-resetillbehor-sminkvaska-sv","10":"atta45_taxonomy-tema-inspiration-ogonblick-sommargladje-sv","11":"atta45_taxonomy-tema-inspiration-sv","12":"atta45_taxonomy-vaskor-resetillbehor-sv","14":"first","15":"instock","16":"taxable","17":"shipping-taxable","18":"purchasable","19":"product-type-variable"},"acf":[],"_links":{"self":[{"href":"https:\/\/www.atta45.se\/e-butik\/wp-json\/wp\/v2\/product\/101961","targetHints":{"allow":["GET"]}}],"collection":[{"href":"https:\/\/www.atta45.se\/e-butik\/wp-json\/wp\/v2\/product"}],"about":[{"href":"https:\/\/www.atta45.se\/e-butik\/wp-json\/wp\/v2\/types\/product"}],"wp:featuredmedia":[{"embeddable":true,"href":"https:\/\/www.atta45.se\/e-butik\/wp-json\/wp\/v2\/media\/101962"}],"wp:attachment":[{"href":"https:\/\/www.atta45.se\/e-butik\/wp-json\/wp\/v2\/media?parent=101961"}],"wp:term":[{"taxonomy":"product_brand","embeddable":true,"href":"https:\/\/www.atta45.se\/e-butik\/wp-json\/wp\/v2\/product_brand?post=101961"},{"taxonomy":"product_cat","embeddable":true,"href":"https:\/\/www.atta45.se\/e-butik\/wp-json\/wp\/v2\/product_cat?post=101961"},{"taxonomy":"product_tag","embeddable":true,"href":"https:\/\/www.atta45.se\/e-butik\/wp-json\/wp\/v2\/product_tag?post=101961"}],"curies":[{"name":"wp","href":"https:\/\/api.w.org\/{rel}","templated":true}]}}