{"id":101733,"date":"2024-12-27T14:27:40","date_gmt":"2024-12-27T13:27:40","guid":{"rendered":"https:\/\/www.atta45.se\/e-butik\/produkt\/vask-jackkrok-i-metall\/"},"modified":"2025-10-27T22:55:46","modified_gmt":"2025-10-27T21:55:46","slug":"vask-jackkrok-i-metall","status":"publish","type":"product","link":"https:\/\/www.atta45.se\/e-butik\/produkt\/vask-jackkrok-i-metall\/","title":{"rendered":"V\u00e4sk-\/jackkrok, i metall, Eloise"},"content":{"rendered":"<p>V\u00e4sk-\/jackkrok i metall och plast att s\u00e4tta p\u00e5 bordet och h\u00e4nga handv\u00e4skan eller jackan. L\u00f6sningen som ger lite b\u00e4ttre uppsikt. Levereras i presentf\u00f6rpackning.<\/p>\n","protected":false},"excerpt":{"rendered":"<p>V\u00e4sk-\/jackkrok i metall och plast att s\u00e4tta p\u00e5 bordet och h\u00e4nga handv\u00e4skan eller jackan. L\u00f6sningen som ger lite b\u00e4ttre uppsikt. Levereras i presentf\u00f6rpackning.<\/p>\n","protected":false},"featured_media":101734,"template":"","meta":{"_acf_changed":false,"_seopress_robots_primary_cat":"","_seopress_titles_title":"","_seopress_titles_desc":"","_seopress_robots_index":""},"product_brand":[],"product_cat":[15],"product_tag":[],"class_list":{"0":"post-101733","1":"product","2":"type-product","3":"status-publish","4":"has-post-thumbnail","6":"product_cat-okategoriserad","7":"atta45_taxonomy-vaskor-resetillbehor-researtiklar-sv","8":"atta45_taxonomy-vaskor-resetillbehor-trolleys-sv","9":"atta45_taxonomy-vaskor-resetillbehor-sv","11":"first","12":"instock","13":"taxable","14":"shipping-taxable","15":"purchasable","16":"product-type-variable"},"acf":[],"_links":{"self":[{"href":"https:\/\/www.atta45.se\/e-butik\/wp-json\/wp\/v2\/product\/101733","targetHints":{"allow":["GET"]}}],"collection":[{"href":"https:\/\/www.atta45.se\/e-butik\/wp-json\/wp\/v2\/product"}],"about":[{"href":"https:\/\/www.atta45.se\/e-butik\/wp-json\/wp\/v2\/types\/product"}],"wp:featuredmedia":[{"embeddable":true,"href":"https:\/\/www.atta45.se\/e-butik\/wp-json\/wp\/v2\/media\/101734"}],"wp:attachment":[{"href":"https:\/\/www.atta45.se\/e-butik\/wp-json\/wp\/v2\/media?parent=101733"}],"wp:term":[{"taxonomy":"product_brand","embeddable":true,"href":"https:\/\/www.atta45.se\/e-butik\/wp-json\/wp\/v2\/product_brand?post=101733"},{"taxonomy":"product_cat","embeddable":true,"href":"https:\/\/www.atta45.se\/e-butik\/wp-json\/wp\/v2\/product_cat?post=101733"},{"taxonomy":"product_tag","embeddable":true,"href":"https:\/\/www.atta45.se\/e-butik\/wp-json\/wp\/v2\/product_tag?post=101733"}],"curies":[{"name":"wp","href":"https:\/\/api.w.org\/{rel}","templated":true}]}}