{"id":101631,"date":"2024-12-27T14:25:39","date_gmt":"2024-12-27T13:25:39","guid":{"rendered":"https:\/\/www.atta45.se\/e-butik\/produkt\/kylbag-for-cykelstyret\/"},"modified":"2025-10-27T19:20:17","modified_gmt":"2025-10-27T18:20:17","slug":"kylbag-for-cykelstyret","status":"publish","type":"product","link":"https:\/\/www.atta45.se\/e-butik\/produkt\/kylbag-for-cykelstyret\/","title":{"rendered":"Kylbag f\u00f6r cykelstyret"},"content":{"rendered":"<p>Kylv\u00e4ska f\u00f6r cykel, av 600D polyester med foder i PEVA och en transparent ficka i PVC p\u00e5 locket, perfekt f\u00f6r t ex kartan. 2 cm brett reflexband p\u00e5 framsidan. N\u00e4tfickor p\u00e5 sidorna. Kylfacket st\u00e4ngs med dragkedja.<\/p>\n","protected":false},"excerpt":{"rendered":"<p>Kylv\u00e4ska f\u00f6r cykel, av 600D polyester med foder i PEVA och en transparent ficka i PVC p\u00e5 locket, perfekt f\u00f6r t ex kartan. 2 cm brett reflexband p\u00e5 framsidan. N\u00e4tfickor p\u00e5 sidorna. Kylfacket st\u00e4ngs med dragkedja.<\/p>\n","protected":false},"featured_media":101632,"template":"","meta":{"_acf_changed":false,"_seopress_robots_primary_cat":"","_seopress_titles_title":"","_seopress_titles_desc":"","_seopress_robots_index":""},"product_brand":[],"product_cat":[15],"product_tag":[],"class_list":{"0":"post-101631","1":"product","2":"type-product","3":"status-publish","4":"has-post-thumbnail","6":"product_cat-okategoriserad","7":"atta45_taxonomy-reflexer-verktyg-sakerhet-cykeltillbehor-sv","8":"atta45_taxonomy-tema-inspiration-ogonblick-en-dag-i-parken-sv","9":"atta45_taxonomy-tema-inspiration-sasong-sv","10":"atta45_taxonomy-tema-inspiration-sasong-sommar-sv","11":"atta45_taxonomy-tema-inspiration-sv","12":"atta45_taxonomy-vaskor-resetillbehor-trolleys-sv","13":"atta45_taxonomy-textil-vaskor-bagar-sv","14":"atta45_taxonomy-vaskor-resetillbehor-sv","16":"first","17":"instock","18":"taxable","19":"shipping-taxable","20":"purchasable","21":"product-type-variable"},"acf":[],"_links":{"self":[{"href":"https:\/\/www.atta45.se\/e-butik\/wp-json\/wp\/v2\/product\/101631","targetHints":{"allow":["GET"]}}],"collection":[{"href":"https:\/\/www.atta45.se\/e-butik\/wp-json\/wp\/v2\/product"}],"about":[{"href":"https:\/\/www.atta45.se\/e-butik\/wp-json\/wp\/v2\/types\/product"}],"wp:featuredmedia":[{"embeddable":true,"href":"https:\/\/www.atta45.se\/e-butik\/wp-json\/wp\/v2\/media\/101632"}],"wp:attachment":[{"href":"https:\/\/www.atta45.se\/e-butik\/wp-json\/wp\/v2\/media?parent=101631"}],"wp:term":[{"taxonomy":"product_brand","embeddable":true,"href":"https:\/\/www.atta45.se\/e-butik\/wp-json\/wp\/v2\/product_brand?post=101631"},{"taxonomy":"product_cat","embeddable":true,"href":"https:\/\/www.atta45.se\/e-butik\/wp-json\/wp\/v2\/product_cat?post=101631"},{"taxonomy":"product_tag","embeddable":true,"href":"https:\/\/www.atta45.se\/e-butik\/wp-json\/wp\/v2\/product_tag?post=101631"}],"curies":[{"name":"wp","href":"https:\/\/api.w.org\/{rel}","templated":true}]}}