{"id":101601,"date":"2024-12-27T14:25:09","date_gmt":"2024-12-27T13:25:09","guid":{"rendered":"https:\/\/www.atta45.se\/e-butik\/produkt\/transparent-ryggsack\/"},"modified":"2025-10-27T19:20:04","modified_gmt":"2025-10-27T18:20:04","slug":"transparent-ryggsack","status":"publish","type":"product","link":"https:\/\/www.atta45.se\/e-butik\/produkt\/transparent-ryggsack\/","title":{"rendered":"Transparent ryggs\u00e4ck"},"content":{"rendered":"<p>Transparent bag i PVC med dragsko i textil och sn\u00f6re i matchande f\u00e4rg.<\/p>\n","protected":false},"excerpt":{"rendered":"<p>Transparent bag i PVC med dragsko i textil och sn\u00f6re i matchande f\u00e4rg.<\/p>\n","protected":false},"featured_media":101602,"template":"","meta":{"_acf_changed":false,"_seopress_robots_primary_cat":"","_seopress_titles_title":"","_seopress_titles_desc":"","_seopress_robots_index":""},"product_brand":[],"product_cat":[15],"product_tag":[],"class_list":{"0":"post-101601","1":"product","2":"type-product","3":"status-publish","4":"has-post-thumbnail","6":"product_cat-okategoriserad","7":"atta45_taxonomy-vaskor-resetillbehor-ryggsackar-sv","8":"atta45_taxonomy-tema-inspiration-ogonblick-skoldags-sv","9":"atta45_taxonomy-vaskor-resetillbehor-sport-resvaskor-sv","10":"atta45_taxonomy-tema-inspiration-sv","11":"atta45_taxonomy-textil-vaskor-bagar-sv","12":"atta45_taxonomy-vaskor-resetillbehor-sv","14":"first","15":"instock","16":"taxable","17":"shipping-taxable","18":"purchasable","19":"product-type-variable"},"acf":[],"_links":{"self":[{"href":"https:\/\/www.atta45.se\/e-butik\/wp-json\/wp\/v2\/product\/101601","targetHints":{"allow":["GET"]}}],"collection":[{"href":"https:\/\/www.atta45.se\/e-butik\/wp-json\/wp\/v2\/product"}],"about":[{"href":"https:\/\/www.atta45.se\/e-butik\/wp-json\/wp\/v2\/types\/product"}],"wp:featuredmedia":[{"embeddable":true,"href":"https:\/\/www.atta45.se\/e-butik\/wp-json\/wp\/v2\/media\/101602"}],"wp:attachment":[{"href":"https:\/\/www.atta45.se\/e-butik\/wp-json\/wp\/v2\/media?parent=101601"}],"wp:term":[{"taxonomy":"product_brand","embeddable":true,"href":"https:\/\/www.atta45.se\/e-butik\/wp-json\/wp\/v2\/product_brand?post=101601"},{"taxonomy":"product_cat","embeddable":true,"href":"https:\/\/www.atta45.se\/e-butik\/wp-json\/wp\/v2\/product_cat?post=101601"},{"taxonomy":"product_tag","embeddable":true,"href":"https:\/\/www.atta45.se\/e-butik\/wp-json\/wp\/v2\/product_tag?post=101601"}],"curies":[{"name":"wp","href":"https:\/\/api.w.org\/{rel}","templated":true}]}}