{"id":101423,"date":"2024-12-27T09:06:14","date_gmt":"2024-12-27T08:06:14","guid":{"rendered":"https:\/\/www.atta45.se\/e-butik\/?post_type=product&#038;p=101423"},"modified":"2025-10-28T00:53:26","modified_gmt":"2025-10-27T23:53:26","slug":"schwarzwolf-crux-hopfallbart-automatiskt-paraply","status":"publish","type":"product","link":"https:\/\/www.atta45.se\/e-butik\/produkt\/schwarzwolf-crux-hopfallbart-automatiskt-paraply\/","title":{"rendered":"Paraply SCHWARZWOLF CRUX hopf\u00e4llbart automatiskt"},"content":{"rendered":"<p>Schwarzwolf hopf\u00e4llbara automatiska paraply med open-close system ger dig skydd mot d\u00e5ligt v\u00e4der med sin vindt\u00e4ta konstruktion.<\/p>\n<p>Den \u00e4r utrustad med reflekterande kanter f\u00f6r din s\u00e4kerhet.<\/p>\n<p>Paraplyv\u00e4skan inneh\u00e5ller en praktisk karbinhake f\u00f6r fasts\u00e4ttning p\u00e5 en ryggs\u00e4ck.<\/p>\n<p>Diametern \u00e4r 95 cm och har 8 paneler <\/p>\n","protected":false},"excerpt":{"rendered":"<p>Schwarzwolf hopf\u00e4llbara automatiska paraply med open-close system ger dig skydd mot d\u00e5ligt v\u00e4der med sin vindt\u00e4ta konstruktion. Den \u00e4r utrustad med reflekterande kanter f\u00f6r din s\u00e4kerhet. Paraplyv\u00e4skan inneh\u00e5ller en praktisk karbinhake f\u00f6r fasts\u00e4ttning p\u00e5 en ryggs\u00e4ck. Diametern \u00e4r 95 cm och har 8 paneler<\/p>\n","protected":false},"featured_media":101424,"template":"","meta":{"_acf_changed":false,"_seopress_robots_primary_cat":"","_seopress_titles_title":"","_seopress_titles_desc":"","_seopress_robots_index":""},"product_brand":[],"product_cat":[15],"product_tag":[],"class_list":{"0":"post-101423","1":"product","2":"type-product","3":"status-publish","4":"has-post-thumbnail","6":"product_cat-okategoriserad","7":"atta45_taxonomy-paraply-hopvikbara-paraply-sv","8":"atta45_taxonomy-reflexer-regniga-dagar-sv","9":"atta45_taxonomy-tema-inspiration-varumarken-schwarzwolf-sv","11":"first","12":"instock","13":"taxable","14":"shipping-taxable","15":"purchasable","16":"product-type-variable"},"acf":[],"_links":{"self":[{"href":"https:\/\/www.atta45.se\/e-butik\/wp-json\/wp\/v2\/product\/101423","targetHints":{"allow":["GET"]}}],"collection":[{"href":"https:\/\/www.atta45.se\/e-butik\/wp-json\/wp\/v2\/product"}],"about":[{"href":"https:\/\/www.atta45.se\/e-butik\/wp-json\/wp\/v2\/types\/product"}],"wp:featuredmedia":[{"embeddable":true,"href":"https:\/\/www.atta45.se\/e-butik\/wp-json\/wp\/v2\/media\/101424"}],"wp:attachment":[{"href":"https:\/\/www.atta45.se\/e-butik\/wp-json\/wp\/v2\/media?parent=101423"}],"wp:term":[{"taxonomy":"product_brand","embeddable":true,"href":"https:\/\/www.atta45.se\/e-butik\/wp-json\/wp\/v2\/product_brand?post=101423"},{"taxonomy":"product_cat","embeddable":true,"href":"https:\/\/www.atta45.se\/e-butik\/wp-json\/wp\/v2\/product_cat?post=101423"},{"taxonomy":"product_tag","embeddable":true,"href":"https:\/\/www.atta45.se\/e-butik\/wp-json\/wp\/v2\/product_tag?post=101423"}],"curies":[{"name":"wp","href":"https:\/\/api.w.org\/{rel}","templated":true}]}}