{"id":101391,"date":"2024-12-27T09:05:50","date_gmt":"2024-12-27T08:05:50","guid":{"rendered":"https:\/\/www.atta45.se\/e-butik\/?post_type=product&#038;p=101391"},"modified":"2025-10-27T16:30:05","modified_gmt":"2025-10-27T15:30:05","slug":"regnponcho-i-pvc","status":"publish","type":"product","link":"https:\/\/www.atta45.se\/e-butik\/produkt\/regnponcho-i-pvc\/","title":{"rendered":"Poncho PE Pablo"},"content":{"rendered":"<p>Praktisk n\u00f6dfallsponcho i transparent PVC. Perfekt att ha med sig n\u00e4r det blir regn. Endast enf\u00e4rgstryck p\u00e5 p\u00e5sen.<\/p>\n","protected":false},"excerpt":{"rendered":"<p>Praktisk n\u00f6dfallsponcho i transparent PVC. Perfekt att ha med sig n\u00e4r det blir regn. Endast enf\u00e4rgstryck p\u00e5 p\u00e5sen.<\/p>\n","protected":false},"featured_media":101392,"template":"","meta":{"_acf_changed":false,"_seopress_robots_primary_cat":"","_seopress_titles_title":"","_seopress_titles_desc":"","_seopress_robots_index":""},"product_brand":[],"product_cat":[15],"product_tag":[],"class_list":{"0":"post-101391","1":"product","2":"type-product","3":"status-publish","4":"has-post-thumbnail","6":"product_cat-okategoriserad","7":"atta45_taxonomy-tema-inspiration-sasong-host-sv","8":"atta45_taxonomy-paraply-sv","9":"atta45_taxonomy-paraply-poncho-sv","10":"atta45_taxonomy-tema-inspiration-ogonblick-regniga-dagar-sv","11":"atta45_taxonomy-tema-inspiration-sasong-sv","12":"atta45_taxonomy-tema-inspiration-sv","14":"first","15":"instock","16":"taxable","17":"shipping-taxable","18":"purchasable","19":"product-type-variable"},"acf":[],"_links":{"self":[{"href":"https:\/\/www.atta45.se\/e-butik\/wp-json\/wp\/v2\/product\/101391","targetHints":{"allow":["GET"]}}],"collection":[{"href":"https:\/\/www.atta45.se\/e-butik\/wp-json\/wp\/v2\/product"}],"about":[{"href":"https:\/\/www.atta45.se\/e-butik\/wp-json\/wp\/v2\/types\/product"}],"wp:featuredmedia":[{"embeddable":true,"href":"https:\/\/www.atta45.se\/e-butik\/wp-json\/wp\/v2\/media\/101392"}],"wp:attachment":[{"href":"https:\/\/www.atta45.se\/e-butik\/wp-json\/wp\/v2\/media?parent=101391"}],"wp:term":[{"taxonomy":"product_brand","embeddable":true,"href":"https:\/\/www.atta45.se\/e-butik\/wp-json\/wp\/v2\/product_brand?post=101391"},{"taxonomy":"product_cat","embeddable":true,"href":"https:\/\/www.atta45.se\/e-butik\/wp-json\/wp\/v2\/product_cat?post=101391"},{"taxonomy":"product_tag","embeddable":true,"href":"https:\/\/www.atta45.se\/e-butik\/wp-json\/wp\/v2\/product_tag?post=101391"}],"curies":[{"name":"wp","href":"https:\/\/api.w.org\/{rel}","templated":true}]}}