{"id":101285,"date":"2024-12-27T09:04:28","date_gmt":"2024-12-27T08:04:28","guid":{"rendered":"https:\/\/www.atta45.se\/e-butik\/?post_type=product&#038;p=101285"},"modified":"2025-10-27T15:57:17","modified_gmt":"2025-10-27T14:57:17","slug":"hopvikbart-paraply-i-polyester-190t-automatisk-oppning","status":"publish","type":"product","link":"https:\/\/www.atta45.se\/e-butik\/produkt\/hopvikbart-paraply-i-polyester-190t-automatisk-oppning\/","title":{"rendered":"Paraply hopvikbart i polyester (190T), automatisk \u00f6ppning Ramona"},"content":{"rendered":"<p>Hopvikbart paraply i polyester (190T) med \u00e5tta paneler. Ram i metall och ribbor i glasfiber. Tryckknapp f\u00f6r automatisk \u00f6ppning. Levereras i ett fodral.<\/p>\n","protected":false},"excerpt":{"rendered":"<p>Hopvikbart paraply i polyester (190T) med \u00e5tta paneler. Ram i metall och ribbor i glasfiber. Tryckknapp f\u00f6r automatisk \u00f6ppning. Levereras i ett fodral.<\/p>\n","protected":false},"featured_media":101286,"template":"","meta":{"_acf_changed":false,"_seopress_robots_primary_cat":"","_seopress_titles_title":"","_seopress_titles_desc":"","_seopress_robots_index":""},"product_brand":[],"product_cat":[15],"product_tag":[],"class_list":{"0":"post-101285","1":"product","2":"type-product","3":"status-publish","4":"has-post-thumbnail","6":"product_cat-okategoriserad","7":"atta45_taxonomy-tema-inspiration-sasong-host-sv","8":"atta45_taxonomy-paraply-sv","9":"atta45_taxonomy-tema-inspiration-ogonblick-regniga-dagar-sv","10":"atta45_taxonomy-tema-inspiration-sasong-sv","11":"atta45_taxonomy-paraply-standard-paraplyer-sv","12":"atta45_taxonomy-tema-inspiration-sv","14":"first","15":"instock","16":"taxable","17":"shipping-taxable","18":"purchasable","19":"product-type-variable"},"acf":[],"_links":{"self":[{"href":"https:\/\/www.atta45.se\/e-butik\/wp-json\/wp\/v2\/product\/101285","targetHints":{"allow":["GET"]}}],"collection":[{"href":"https:\/\/www.atta45.se\/e-butik\/wp-json\/wp\/v2\/product"}],"about":[{"href":"https:\/\/www.atta45.se\/e-butik\/wp-json\/wp\/v2\/types\/product"}],"wp:featuredmedia":[{"embeddable":true,"href":"https:\/\/www.atta45.se\/e-butik\/wp-json\/wp\/v2\/media\/101286"}],"wp:attachment":[{"href":"https:\/\/www.atta45.se\/e-butik\/wp-json\/wp\/v2\/media?parent=101285"}],"wp:term":[{"taxonomy":"product_brand","embeddable":true,"href":"https:\/\/www.atta45.se\/e-butik\/wp-json\/wp\/v2\/product_brand?post=101285"},{"taxonomy":"product_cat","embeddable":true,"href":"https:\/\/www.atta45.se\/e-butik\/wp-json\/wp\/v2\/product_cat?post=101285"},{"taxonomy":"product_tag","embeddable":true,"href":"https:\/\/www.atta45.se\/e-butik\/wp-json\/wp\/v2\/product_tag?post=101285"}],"curies":[{"name":"wp","href":"https:\/\/api.w.org\/{rel}","templated":true}]}}