{"id":101173,"date":"2024-12-27T09:02:05","date_gmt":"2024-12-27T08:02:05","guid":{"rendered":"https:\/\/www.atta45.se\/e-butik\/?post_type=product&#038;p=101173"},"modified":"2025-10-27T15:04:48","modified_gmt":"2025-10-27T14:04:48","slug":"paraply-i-rpet-polyester-170t","status":"publish","type":"product","link":"https:\/\/www.atta45.se\/e-butik\/produkt\/paraply-i-rpet-polyester-170t\/","title":{"rendered":"Paraply i RPET polyester (170T)"},"content":{"rendered":"<p>Paraply i RPET polyester (170T) med \u00e5tta paneler. Automatisk \u00f6ppning och st\u00e4ngning. Ram i metall och glasfiber med handtag i plast.<\/p>\n","protected":false},"excerpt":{"rendered":"<p>Paraply i RPET polyester (170T) med \u00e5tta paneler. Automatisk \u00f6ppning och st\u00e4ngning. Ram i metall och glasfiber med handtag i plast.<\/p>\n","protected":false},"featured_media":101174,"template":"","meta":{"_acf_changed":false,"_seopress_robots_primary_cat":"","_seopress_titles_title":"","_seopress_titles_desc":"","_seopress_robots_index":""},"product_brand":[],"product_cat":[15],"product_tag":[],"class_list":{"0":"post-101173","1":"product","2":"type-product","3":"status-publish","4":"has-post-thumbnail","6":"product_cat-okategoriserad","7":"atta45_taxonomy-tema-inspiration-grona-intryck-sv","8":"atta45_taxonomy-tema-inspiration-sasong-host-sv","9":"atta45_taxonomy-paraply-sv","10":"atta45_taxonomy-tema-inspiration-ogonblick-regniga-dagar-sv","11":"atta45_taxonomy-tema-inspiration-sasong-sv","12":"atta45_taxonomy-paraply-standard-paraplyer-sv","13":"atta45_taxonomy-tema-inspiration-sv","15":"first","16":"instock","17":"taxable","18":"shipping-taxable","19":"purchasable","20":"product-type-variable"},"acf":[],"_links":{"self":[{"href":"https:\/\/www.atta45.se\/e-butik\/wp-json\/wp\/v2\/product\/101173","targetHints":{"allow":["GET"]}}],"collection":[{"href":"https:\/\/www.atta45.se\/e-butik\/wp-json\/wp\/v2\/product"}],"about":[{"href":"https:\/\/www.atta45.se\/e-butik\/wp-json\/wp\/v2\/types\/product"}],"wp:featuredmedia":[{"embeddable":true,"href":"https:\/\/www.atta45.se\/e-butik\/wp-json\/wp\/v2\/media\/101174"}],"wp:attachment":[{"href":"https:\/\/www.atta45.se\/e-butik\/wp-json\/wp\/v2\/media?parent=101173"}],"wp:term":[{"taxonomy":"product_brand","embeddable":true,"href":"https:\/\/www.atta45.se\/e-butik\/wp-json\/wp\/v2\/product_brand?post=101173"},{"taxonomy":"product_cat","embeddable":true,"href":"https:\/\/www.atta45.se\/e-butik\/wp-json\/wp\/v2\/product_cat?post=101173"},{"taxonomy":"product_tag","embeddable":true,"href":"https:\/\/www.atta45.se\/e-butik\/wp-json\/wp\/v2\/product_tag?post=101173"}],"curies":[{"name":"wp","href":"https:\/\/api.w.org\/{rel}","templated":true}]}}