{"id":101135,"date":"2024-12-27T09:01:35","date_gmt":"2024-12-27T08:01:35","guid":{"rendered":"https:\/\/www.atta45.se\/e-butik\/?post_type=product&#038;p=101135"},"modified":"2025-10-27T14:31:38","modified_gmt":"2025-10-27T13:31:38","slug":"hopvikbart-stormparaply-automatisk-oppning","status":"publish","type":"product","link":"https:\/\/www.atta45.se\/e-butik\/produkt\/hopvikbart-stormparaply-automatisk-oppning\/","title":{"rendered":"Paraply i pong\u00e9e-stil Jamelia"},"content":{"rendered":"<p>Hopvikbart kompaktparaply, storms\u00e4kert, med paneler i pongee, metallram, spr\u00f6t i glasfiber och handtag i plast. Matchande tygfodral.<\/p>\n","protected":false},"excerpt":{"rendered":"<p>Hopvikbart kompaktparaply, storms\u00e4kert, med paneler i pongee, metallram, spr\u00f6t i glasfiber och handtag i plast. Matchande tygfodral.<\/p>\n","protected":false},"featured_media":101136,"template":"","meta":{"_acf_changed":false,"_seopress_robots_primary_cat":"","_seopress_titles_title":"","_seopress_titles_desc":"","_seopress_robots_index":""},"product_brand":[],"product_cat":[15],"product_tag":[],"class_list":{"0":"post-101135","1":"product","2":"type-product","3":"status-publish","4":"has-post-thumbnail","6":"product_cat-okategoriserad","7":"atta45_taxonomy-tema-inspiration-ogonblick-fargglad-lycka-sv","8":"atta45_taxonomy-paraply-hopvikbara-paraply-sv","9":"atta45_taxonomy-tema-inspiration-sasong-host-sv","10":"atta45_taxonomy-paraply-sv","11":"atta45_taxonomy-tema-inspiration-sasong-sv","12":"atta45_taxonomy-paraply-standard-paraplyer-sv","13":"atta45_taxonomy-tema-inspiration-sv","15":"first","16":"instock","17":"taxable","18":"shipping-taxable","19":"purchasable","20":"product-type-variable"},"acf":[],"_links":{"self":[{"href":"https:\/\/www.atta45.se\/e-butik\/wp-json\/wp\/v2\/product\/101135","targetHints":{"allow":["GET"]}}],"collection":[{"href":"https:\/\/www.atta45.se\/e-butik\/wp-json\/wp\/v2\/product"}],"about":[{"href":"https:\/\/www.atta45.se\/e-butik\/wp-json\/wp\/v2\/types\/product"}],"wp:featuredmedia":[{"embeddable":true,"href":"https:\/\/www.atta45.se\/e-butik\/wp-json\/wp\/v2\/media\/101136"}],"wp:attachment":[{"href":"https:\/\/www.atta45.se\/e-butik\/wp-json\/wp\/v2\/media?parent=101135"}],"wp:term":[{"taxonomy":"product_brand","embeddable":true,"href":"https:\/\/www.atta45.se\/e-butik\/wp-json\/wp\/v2\/product_brand?post=101135"},{"taxonomy":"product_cat","embeddable":true,"href":"https:\/\/www.atta45.se\/e-butik\/wp-json\/wp\/v2\/product_cat?post=101135"},{"taxonomy":"product_tag","embeddable":true,"href":"https:\/\/www.atta45.se\/e-butik\/wp-json\/wp\/v2\/product_tag?post=101135"}],"curies":[{"name":"wp","href":"https:\/\/api.w.org\/{rel}","templated":true}]}}