{"id":100895,"date":"2024-12-27T08:57:56","date_gmt":"2024-12-27T07:57:56","guid":{"rendered":"https:\/\/www.atta45.se\/e-butik\/?post_type=product&#038;p=100895"},"modified":"2025-10-27T22:54:08","modified_gmt":"2025-10-27T21:54:08","slug":"paraply-automatisk-oppning-4","status":"publish","type":"product","link":"https:\/\/www.atta45.se\/e-butik\/produkt\/paraply-automatisk-oppning-4\/","title":{"rendered":"Paraply, automatisk \u00f6ppning, Russell"},"content":{"rendered":"<p>Mycket prisv\u00e4rt automatiskt paraply i polyester (190T), 8 paneler, med metallskaft och tr\u00e4handtag. Flerf\u00e4rgade, (f\u00f6r enf\u00e4rgade se 4064).<\/p>\n","protected":false},"excerpt":{"rendered":"<p>Mycket prisv\u00e4rt automatiskt paraply i polyester (190T), 8 paneler, med metallskaft och tr\u00e4handtag. Flerf\u00e4rgade, (f\u00f6r enf\u00e4rgade se 4064).<\/p>\n","protected":false},"featured_media":100896,"template":"","meta":{"_acf_changed":false,"_seopress_robots_primary_cat":"","_seopress_titles_title":"","_seopress_titles_desc":"","_seopress_robots_index":""},"product_brand":[],"product_cat":[15],"product_tag":[],"class_list":{"0":"post-100895","1":"product","2":"type-product","3":"status-publish","4":"has-post-thumbnail","6":"product_cat-okategoriserad","7":"atta45_taxonomy-paraply-golfparaplyer-sv","8":"atta45_taxonomy-tema-inspiration-sasong-host-sv","9":"atta45_taxonomy-paraply-sv","10":"atta45_taxonomy-tema-inspiration-ogonblick-regniga-dagar-sv","11":"atta45_taxonomy-tema-inspiration-sasong-sv","12":"atta45_taxonomy-paraply-standard-paraplyer-sv","13":"atta45_taxonomy-tema-inspiration-sv","15":"first","16":"instock","17":"taxable","18":"shipping-taxable","19":"purchasable","20":"product-type-variable"},"acf":[],"_links":{"self":[{"href":"https:\/\/www.atta45.se\/e-butik\/wp-json\/wp\/v2\/product\/100895","targetHints":{"allow":["GET"]}}],"collection":[{"href":"https:\/\/www.atta45.se\/e-butik\/wp-json\/wp\/v2\/product"}],"about":[{"href":"https:\/\/www.atta45.se\/e-butik\/wp-json\/wp\/v2\/types\/product"}],"wp:featuredmedia":[{"embeddable":true,"href":"https:\/\/www.atta45.se\/e-butik\/wp-json\/wp\/v2\/media\/100896"}],"wp:attachment":[{"href":"https:\/\/www.atta45.se\/e-butik\/wp-json\/wp\/v2\/media?parent=100895"}],"wp:term":[{"taxonomy":"product_brand","embeddable":true,"href":"https:\/\/www.atta45.se\/e-butik\/wp-json\/wp\/v2\/product_brand?post=100895"},{"taxonomy":"product_cat","embeddable":true,"href":"https:\/\/www.atta45.se\/e-butik\/wp-json\/wp\/v2\/product_cat?post=100895"},{"taxonomy":"product_tag","embeddable":true,"href":"https:\/\/www.atta45.se\/e-butik\/wp-json\/wp\/v2\/product_tag?post=100895"}],"curies":[{"name":"wp","href":"https:\/\/api.w.org\/{rel}","templated":true}]}}