{"id":100881,"date":"2024-12-27T08:57:41","date_gmt":"2024-12-27T07:57:41","guid":{"rendered":"https:\/\/www.atta45.se\/e-butik\/?post_type=product&#038;p=100881"},"modified":"2025-10-27T22:53:45","modified_gmt":"2025-10-27T21:53:45","slug":"paraply-med-tryckt-insida-manuell-oppning","status":"publish","type":"product","link":"https:\/\/www.atta45.se\/e-butik\/produkt\/paraply-med-tryckt-insida-manuell-oppning\/","title":{"rendered":"Paraply, med tryckt insida, manuell \u00f6ppning, Ronnie"},"content":{"rendered":"<p>Paraply med v\u00e4der p\u00e5 insidan. Bl\u00e5 himmel med l\u00e4tta moln eller regndroppar, du best\u00e4mmer. Tyget av nylon (190T), 8 paneler. Utsidan \u00e4r svartf\u00e4rgad. Svart krycka och skaft i tr\u00e4. Ribbor av svart metall.<\/p>\n","protected":false},"excerpt":{"rendered":"<p>Paraply med v\u00e4der p\u00e5 insidan. Bl\u00e5 himmel med l\u00e4tta moln eller regndroppar, du best\u00e4mmer. Tyget av nylon (190T), 8 paneler. Utsidan \u00e4r svartf\u00e4rgad. Svart krycka och skaft i tr\u00e4. Ribbor av svart metall.<\/p>\n","protected":false},"featured_media":100882,"template":"","meta":{"_acf_changed":false,"_seopress_robots_primary_cat":"","_seopress_titles_title":"","_seopress_titles_desc":"","_seopress_robots_index":""},"product_brand":[],"product_cat":[15],"product_tag":[],"class_list":{"0":"post-100881","1":"product","2":"type-product","3":"status-publish","4":"has-post-thumbnail","6":"product_cat-okategoriserad","7":"atta45_taxonomy-tema-inspiration-sasong-host-sv","8":"atta45_taxonomy-paraply-sv","9":"atta45_taxonomy-tema-inspiration-ogonblick-regniga-dagar-sv","10":"atta45_taxonomy-tema-inspiration-sasong-sv","11":"atta45_taxonomy-paraply-standard-paraplyer-sv","12":"atta45_taxonomy-tema-inspiration-sv","14":"first","15":"instock","16":"taxable","17":"shipping-taxable","18":"purchasable","19":"product-type-variable"},"acf":[],"_links":{"self":[{"href":"https:\/\/www.atta45.se\/e-butik\/wp-json\/wp\/v2\/product\/100881","targetHints":{"allow":["GET"]}}],"collection":[{"href":"https:\/\/www.atta45.se\/e-butik\/wp-json\/wp\/v2\/product"}],"about":[{"href":"https:\/\/www.atta45.se\/e-butik\/wp-json\/wp\/v2\/types\/product"}],"wp:featuredmedia":[{"embeddable":true,"href":"https:\/\/www.atta45.se\/e-butik\/wp-json\/wp\/v2\/media\/100882"}],"wp:attachment":[{"href":"https:\/\/www.atta45.se\/e-butik\/wp-json\/wp\/v2\/media?parent=100881"}],"wp:term":[{"taxonomy":"product_brand","embeddable":true,"href":"https:\/\/www.atta45.se\/e-butik\/wp-json\/wp\/v2\/product_brand?post=100881"},{"taxonomy":"product_cat","embeddable":true,"href":"https:\/\/www.atta45.se\/e-butik\/wp-json\/wp\/v2\/product_cat?post=100881"},{"taxonomy":"product_tag","embeddable":true,"href":"https:\/\/www.atta45.se\/e-butik\/wp-json\/wp\/v2\/product_tag?post=100881"}],"curies":[{"name":"wp","href":"https:\/\/api.w.org\/{rel}","templated":true}]}}