{"id":100849,"date":"2024-12-27T08:57:07","date_gmt":"2024-12-27T07:57:07","guid":{"rendered":"https:\/\/www.atta45.se\/e-butik\/?post_type=product&#038;p=100849"},"modified":"2025-10-27T22:53:12","modified_gmt":"2025-10-27T21:53:12","slug":"charles-dickens-paraply-promenadkapp","status":"publish","type":"product","link":"https:\/\/www.atta45.se\/e-butik\/produkt\/charles-dickens-paraply-promenadkapp\/","title":{"rendered":"Paraply\/promenadk\u00e4pp, Charles Dickens\u00ae, Annabella"},"content":{"rendered":"<p>Charles Dickens kombinerat paraply i pongee (190T), 8 paneler, och k\u00e4pp. Automatisk \u00f6ppning. Skaft och ribbor av fiberglas, toppen \u00e4r gummerad f\u00f6r att skapa bra f\u00e4ste som k\u00e4pp.<\/p>\n","protected":false},"excerpt":{"rendered":"<p>Charles Dickens kombinerat paraply i pongee (190T), 8 paneler, och k\u00e4pp. Automatisk \u00f6ppning. Skaft och ribbor av fiberglas, toppen \u00e4r gummerad f\u00f6r att skapa bra f\u00e4ste som k\u00e4pp.<\/p>\n","protected":false},"featured_media":100850,"template":"","meta":{"_acf_changed":false,"_seopress_robots_primary_cat":"","_seopress_titles_title":"","_seopress_titles_desc":"","_seopress_robots_index":""},"product_brand":[],"product_cat":[15],"product_tag":[],"class_list":{"0":"post-100849","1":"product","2":"type-product","3":"status-publish","4":"has-post-thumbnail","6":"product_cat-okategoriserad","7":"atta45_taxonomy-tema-inspiration-varumarken-charles-dickens-sv","8":"atta45_taxonomy-tema-inspiration-sasong-host-sv","9":"atta45_taxonomy-paraply-sv","10":"atta45_taxonomy-tema-inspiration-ogonblick-regniga-dagar-sv","11":"atta45_taxonomy-tema-inspiration-sasong-sv","12":"atta45_taxonomy-paraply-standard-paraplyer-sv","13":"atta45_taxonomy-tema-inspiration-sv","14":"atta45_taxonomy-tema-inspiration-varumarken-sv","16":"first","17":"instock","18":"taxable","19":"shipping-taxable","20":"purchasable","21":"product-type-variable"},"acf":[],"_links":{"self":[{"href":"https:\/\/www.atta45.se\/e-butik\/wp-json\/wp\/v2\/product\/100849","targetHints":{"allow":["GET"]}}],"collection":[{"href":"https:\/\/www.atta45.se\/e-butik\/wp-json\/wp\/v2\/product"}],"about":[{"href":"https:\/\/www.atta45.se\/e-butik\/wp-json\/wp\/v2\/types\/product"}],"wp:featuredmedia":[{"embeddable":true,"href":"https:\/\/www.atta45.se\/e-butik\/wp-json\/wp\/v2\/media\/100850"}],"wp:attachment":[{"href":"https:\/\/www.atta45.se\/e-butik\/wp-json\/wp\/v2\/media?parent=100849"}],"wp:term":[{"taxonomy":"product_brand","embeddable":true,"href":"https:\/\/www.atta45.se\/e-butik\/wp-json\/wp\/v2\/product_brand?post=100849"},{"taxonomy":"product_cat","embeddable":true,"href":"https:\/\/www.atta45.se\/e-butik\/wp-json\/wp\/v2\/product_cat?post=100849"},{"taxonomy":"product_tag","embeddable":true,"href":"https:\/\/www.atta45.se\/e-butik\/wp-json\/wp\/v2\/product_tag?post=100849"}],"curies":[{"name":"wp","href":"https:\/\/api.w.org\/{rel}","templated":true}]}}