{"id":100829,"date":"2024-12-27T08:56:48","date_gmt":"2024-12-27T07:56:48","guid":{"rendered":"https:\/\/www.atta45.se\/e-butik\/?post_type=product&#038;p=100829"},"modified":"2025-10-27T22:52:55","modified_gmt":"2025-10-27T21:52:55","slug":"cityparaply-med-aluminiumskaft-automatisk-oppning","status":"publish","type":"product","link":"https:\/\/www.atta45.se\/e-butik\/produkt\/cityparaply-med-aluminiumskaft-automatisk-oppning\/","title":{"rendered":"Pararaply med aluminiumskaft, automatisk \u00f6ppning, Melisande"},"content":{"rendered":"<p>Ett h\u00e4rligt cityparaply i lagom storlek med sk\u00f6nt EVA handtag. 2-lagers polyester (190T), 8 paneler. Skaft av aluminium. Automatisk \u00f6ppning.<\/p>\n","protected":false},"excerpt":{"rendered":"<p>Ett h\u00e4rligt cityparaply i lagom storlek med sk\u00f6nt EVA handtag. 2-lagers polyester (190T), 8 paneler. Skaft av aluminium. Automatisk \u00f6ppning.<\/p>\n","protected":false},"featured_media":100830,"template":"","meta":{"_acf_changed":false,"_seopress_robots_primary_cat":"","_seopress_titles_title":"","_seopress_titles_desc":"","_seopress_robots_index":""},"product_brand":[],"product_cat":[15],"product_tag":[],"class_list":{"0":"post-100829","1":"product","2":"type-product","3":"status-publish","4":"has-post-thumbnail","6":"product_cat-okategoriserad","7":"atta45_taxonomy-tema-inspiration-sasong-host-sv","8":"atta45_taxonomy-paraply-sv","9":"atta45_taxonomy-tema-inspiration-ogonblick-regniga-dagar-sv","10":"atta45_taxonomy-tema-inspiration-sasong-sv","11":"atta45_taxonomy-paraply-standard-paraplyer-sv","12":"atta45_taxonomy-tema-inspiration-sv","14":"first","15":"instock","16":"taxable","17":"shipping-taxable","18":"purchasable","19":"product-type-variable"},"acf":[],"_links":{"self":[{"href":"https:\/\/www.atta45.se\/e-butik\/wp-json\/wp\/v2\/product\/100829","targetHints":{"allow":["GET"]}}],"collection":[{"href":"https:\/\/www.atta45.se\/e-butik\/wp-json\/wp\/v2\/product"}],"about":[{"href":"https:\/\/www.atta45.se\/e-butik\/wp-json\/wp\/v2\/types\/product"}],"wp:featuredmedia":[{"embeddable":true,"href":"https:\/\/www.atta45.se\/e-butik\/wp-json\/wp\/v2\/media\/100830"}],"wp:attachment":[{"href":"https:\/\/www.atta45.se\/e-butik\/wp-json\/wp\/v2\/media?parent=100829"}],"wp:term":[{"taxonomy":"product_brand","embeddable":true,"href":"https:\/\/www.atta45.se\/e-butik\/wp-json\/wp\/v2\/product_brand?post=100829"},{"taxonomy":"product_cat","embeddable":true,"href":"https:\/\/www.atta45.se\/e-butik\/wp-json\/wp\/v2\/product_cat?post=100829"},{"taxonomy":"product_tag","embeddable":true,"href":"https:\/\/www.atta45.se\/e-butik\/wp-json\/wp\/v2\/product_tag?post=100829"}],"curies":[{"name":"wp","href":"https:\/\/api.w.org\/{rel}","templated":true}]}}