{"id":100761,"date":"2024-12-27T08:56:06","date_gmt":"2024-12-27T07:56:06","guid":{"rendered":"https:\/\/www.atta45.se\/e-butik\/?post_type=product&#038;p=100761"},"modified":"2025-10-27T22:52:40","modified_gmt":"2025-10-27T21:52:40","slug":"hopvikbart-paraply-2-steg-manuell-oppning","status":"publish","type":"product","link":"https:\/\/www.atta45.se\/e-butik\/produkt\/hopvikbart-paraply-2-steg-manuell-oppning\/","title":{"rendered":"Paraply, hopvikbart, 2-steg, manuell \u00f6ppning, Mimi"},"content":{"rendered":"<p>Ett bra tv\u00e5delat hopf\u00e4llbart paraply med tygfodral. Polyester (190T), 8 paneler. Metallskaft och spr\u00f6t av metall samt handtag av plast. Finns i m\u00e5nga f\u00e4rgkombinationer.<\/p>\n","protected":false},"excerpt":{"rendered":"<p>Ett bra tv\u00e5delat hopf\u00e4llbart paraply med tygfodral. Polyester (190T), 8 paneler. Metallskaft och spr\u00f6t av metall samt handtag av plast. Finns i m\u00e5nga f\u00e4rgkombinationer.<\/p>\n","protected":false},"featured_media":100762,"template":"","meta":{"_acf_changed":false,"_seopress_robots_primary_cat":"","_seopress_titles_title":"","_seopress_titles_desc":"","_seopress_robots_index":""},"product_brand":[],"product_cat":[15],"product_tag":[],"class_list":{"0":"post-100761","1":"product","2":"type-product","3":"status-publish","4":"has-post-thumbnail","6":"product_cat-okategoriserad","7":"atta45_taxonomy-tema-inspiration-ogonblick-fargglad-lycka-sv","8":"atta45_taxonomy-paraply-hopvikbara-paraply-sv","9":"atta45_taxonomy-tema-inspiration-sasong-host-sv","10":"atta45_taxonomy-paraply-sv","11":"atta45_taxonomy-tema-inspiration-sasong-sv","12":"atta45_taxonomy-tema-inspiration-utvalda-produkter-snabbleverans-sv","13":"atta45_taxonomy-tema-inspiration-ogonblick-sporthandelser-sv","14":"atta45_taxonomy-paraply-standard-paraplyer-sv","15":"atta45_taxonomy-tema-inspiration-sv","17":"first","18":"instock","19":"taxable","20":"shipping-taxable","21":"purchasable","22":"product-type-variable"},"acf":[],"_links":{"self":[{"href":"https:\/\/www.atta45.se\/e-butik\/wp-json\/wp\/v2\/product\/100761","targetHints":{"allow":["GET"]}}],"collection":[{"href":"https:\/\/www.atta45.se\/e-butik\/wp-json\/wp\/v2\/product"}],"about":[{"href":"https:\/\/www.atta45.se\/e-butik\/wp-json\/wp\/v2\/types\/product"}],"wp:featuredmedia":[{"embeddable":true,"href":"https:\/\/www.atta45.se\/e-butik\/wp-json\/wp\/v2\/media\/100762"}],"wp:attachment":[{"href":"https:\/\/www.atta45.se\/e-butik\/wp-json\/wp\/v2\/media?parent=100761"}],"wp:term":[{"taxonomy":"product_brand","embeddable":true,"href":"https:\/\/www.atta45.se\/e-butik\/wp-json\/wp\/v2\/product_brand?post=100761"},{"taxonomy":"product_cat","embeddable":true,"href":"https:\/\/www.atta45.se\/e-butik\/wp-json\/wp\/v2\/product_cat?post=100761"},{"taxonomy":"product_tag","embeddable":true,"href":"https:\/\/www.atta45.se\/e-butik\/wp-json\/wp\/v2\/product_tag?post=100761"}],"curies":[{"name":"wp","href":"https:\/\/api.w.org\/{rel}","templated":true}]}}