{"id":100733,"date":"2024-12-27T08:55:42","date_gmt":"2024-12-27T07:55:42","guid":{"rendered":"https:\/\/www.atta45.se\/e-butik\/?post_type=product&#038;p=100733"},"modified":"2025-10-27T22:52:26","modified_gmt":"2025-10-27T21:52:26","slug":"stormparaply-med-ventiler-manuell-oppning","status":"publish","type":"product","link":"https:\/\/www.atta45.se\/e-butik\/produkt\/stormparaply-med-ventiler-manuell-oppning\/","title":{"rendered":"Stormparaply med ventiler, manuell \u00f6ppning, Debbie"},"content":{"rendered":"<p>Stormparaply i polyester (190T), 8 paneler, f\u00f6r riktigt h\u00e5rt v\u00e4der. Skaft och spr\u00f6t av metall samt handtag av skumgummi f\u00f6r b\u00e4sta grepp. Ventiler f\u00f6r vindgenomsl\u00e4pp. Windproof. Originalet!<\/p>\n","protected":false},"excerpt":{"rendered":"<p>Stormparaply i polyester (190T), 8 paneler, f\u00f6r riktigt h\u00e5rt v\u00e4der. Skaft och spr\u00f6t av metall samt handtag av skumgummi f\u00f6r b\u00e4sta grepp. Ventiler f\u00f6r vindgenomsl\u00e4pp. Windproof. Originalet!<\/p>\n","protected":false},"featured_media":100734,"template":"","meta":{"_acf_changed":false,"_seopress_robots_primary_cat":"","_seopress_titles_title":"","_seopress_titles_desc":"","_seopress_robots_index":""},"product_brand":[],"product_cat":[15],"product_tag":[],"class_list":{"0":"post-100733","1":"product","2":"type-product","3":"status-publish","4":"has-post-thumbnail","6":"product_cat-okategoriserad","7":"atta45_taxonomy-tema-inspiration-ogonblick-arsslut-sv","8":"atta45_taxonomy-reflexer-verktyg-sakerhet-biltillbehor-sv","9":"atta45_taxonomy-tema-inspiration-branscher-sv","10":"atta45_taxonomy-tema-inspiration-branscher-fordonsindustrin-sv","11":"atta45_taxonomy-paraply-golfparaplyer-sv","12":"atta45_taxonomy-tema-inspiration-sasong-host-sv","13":"atta45_taxonomy-tema-inspiration-ogonblick-sv","14":"atta45_taxonomy-paraply-sv","15":"atta45_taxonomy-tema-inspiration-ogonblick-regniga-dagar-sv","16":"atta45_taxonomy-tema-inspiration-sasong-sv","17":"atta45_taxonomy-paraply-standard-paraplyer-sv","18":"atta45_taxonomy-paraply-stormparaplyer-sv","19":"atta45_taxonomy-tema-inspiration-sv","21":"first","22":"instock","23":"taxable","24":"shipping-taxable","25":"purchasable","26":"product-type-variable"},"acf":[],"_links":{"self":[{"href":"https:\/\/www.atta45.se\/e-butik\/wp-json\/wp\/v2\/product\/100733","targetHints":{"allow":["GET"]}}],"collection":[{"href":"https:\/\/www.atta45.se\/e-butik\/wp-json\/wp\/v2\/product"}],"about":[{"href":"https:\/\/www.atta45.se\/e-butik\/wp-json\/wp\/v2\/types\/product"}],"wp:featuredmedia":[{"embeddable":true,"href":"https:\/\/www.atta45.se\/e-butik\/wp-json\/wp\/v2\/media\/100734"}],"wp:attachment":[{"href":"https:\/\/www.atta45.se\/e-butik\/wp-json\/wp\/v2\/media?parent=100733"}],"wp:term":[{"taxonomy":"product_brand","embeddable":true,"href":"https:\/\/www.atta45.se\/e-butik\/wp-json\/wp\/v2\/product_brand?post=100733"},{"taxonomy":"product_cat","embeddable":true,"href":"https:\/\/www.atta45.se\/e-butik\/wp-json\/wp\/v2\/product_cat?post=100733"},{"taxonomy":"product_tag","embeddable":true,"href":"https:\/\/www.atta45.se\/e-butik\/wp-json\/wp\/v2\/product_tag?post=100733"}],"curies":[{"name":"wp","href":"https:\/\/api.w.org\/{rel}","templated":true}]}}