{"id":100579,"date":"2024-12-27T08:52:52","date_gmt":"2024-12-27T07:52:52","guid":{"rendered":"https:\/\/www.atta45.se\/e-butik\/?post_type=product&#038;p=100579"},"modified":"2025-10-27T22:51:25","modified_gmt":"2025-10-27T21:51:25","slug":"paraply-med-reflexkant-automatisk-oppning","status":"publish","type":"product","link":"https:\/\/www.atta45.se\/e-butik\/produkt\/paraply-med-reflexkant-automatisk-oppning\/","title":{"rendered":"Paraply, med reflexkant, automatisk \u00f6ppning, Carice"},"content":{"rendered":"<p>Paraply i polyester (190T), 8 paneler, med automatisk \u00f6ppning, reflexkant, skaft och krycka i tr\u00e4.<\/p>\n","protected":false},"excerpt":{"rendered":"<p>Paraply i polyester (190T), 8 paneler, med automatisk \u00f6ppning, reflexkant, skaft och krycka i tr\u00e4.<\/p>\n","protected":false},"featured_media":100580,"template":"","meta":{"_acf_changed":false,"_seopress_robots_primary_cat":"","_seopress_titles_title":"","_seopress_titles_desc":"","_seopress_robots_index":""},"product_brand":[],"product_cat":[15],"product_tag":[],"class_list":{"0":"post-100579","1":"product","2":"type-product","3":"status-publish","4":"has-post-thumbnail","6":"product_cat-okategoriserad","7":"atta45_taxonomy-reflexer-verktyg-sakerhet-biltillbehor-sv","8":"atta45_taxonomy-tema-inspiration-branscher-sv","9":"atta45_taxonomy-reflexer-verktyg-sakerhet-cykeltillbehor-sv","10":"atta45_taxonomy-tema-inspiration-branscher-fordonsindustrin-sv","11":"atta45_taxonomy-tema-inspiration-sasong-host-sv","12":"atta45_taxonomy-paraply-sv","13":"atta45_taxonomy-tema-inspiration-ogonblick-regniga-dagar-sv","14":"atta45_taxonomy-tema-inspiration-sasong-sv","15":"atta45_taxonomy-paraply-standard-paraplyer-sv","16":"atta45_taxonomy-tema-inspiration-sv","18":"first","19":"instock","20":"taxable","21":"shipping-taxable","22":"purchasable","23":"product-type-variable"},"acf":[],"_links":{"self":[{"href":"https:\/\/www.atta45.se\/e-butik\/wp-json\/wp\/v2\/product\/100579","targetHints":{"allow":["GET"]}}],"collection":[{"href":"https:\/\/www.atta45.se\/e-butik\/wp-json\/wp\/v2\/product"}],"about":[{"href":"https:\/\/www.atta45.se\/e-butik\/wp-json\/wp\/v2\/types\/product"}],"wp:featuredmedia":[{"embeddable":true,"href":"https:\/\/www.atta45.se\/e-butik\/wp-json\/wp\/v2\/media\/100580"}],"wp:attachment":[{"href":"https:\/\/www.atta45.se\/e-butik\/wp-json\/wp\/v2\/media?parent=100579"}],"wp:term":[{"taxonomy":"product_brand","embeddable":true,"href":"https:\/\/www.atta45.se\/e-butik\/wp-json\/wp\/v2\/product_brand?post=100579"},{"taxonomy":"product_cat","embeddable":true,"href":"https:\/\/www.atta45.se\/e-butik\/wp-json\/wp\/v2\/product_cat?post=100579"},{"taxonomy":"product_tag","embeddable":true,"href":"https:\/\/www.atta45.se\/e-butik\/wp-json\/wp\/v2\/product_tag?post=100579"}],"curies":[{"name":"wp","href":"https:\/\/api.w.org\/{rel}","templated":true}]}}